{"id":2461,"date":"2022-09-12T13:56:23","date_gmt":"2022-09-12T16:56:23","guid":{"rendered":"https:\/\/rbtechnologysolutions.com.br\/?page_id=2461"},"modified":"2023-06-02T10:17:54","modified_gmt":"2023-06-02T13:17:54","slug":"a-empresa","status":"publish","type":"page","link":"https:\/\/rbtechnologysolutions.com.br\/en\/a-empresa\/","title":{"rendered":"A Empresa"},"content":{"rendered":"<section class=\"wpb-content-wrapper\"><div data-vc-full-width=\"true\" data-vc-full-width-init=\"false\" data-vc-stretch-content=\"true\" class=\"vc_row wpb_row vc_row-fluid vc_row-5cda53519cfac vc_row-no-padding\"><div class=\"wpb_column vc_column_container vc_col-sm-12 vc_row-69eccb0d614f3\"><div class=\"vc_column-inner\"><div class=\"wpb_wrapper\">    <section class=\"banner-area banner-area-5cda52fa5e0a5 banner-default\">\n            <div class=\"banner-item tac\" style=\"height: 380px;\">\n        \n    <div class=\"bg-overlay\">\n                        <div class=\"image\" data-parallax=\"true\" data-image-src=\"https:\/\/rbtechnologysolutions.com.br\/wp-content\/uploads\/2022\/08\/office-381228_1920.jpg\" data-position-y=\"center\" data-speed=\"0.8\"><\/div>\n                                <div class=\"color\"><\/div>\n          <\/div>\n\n            <div class=\"container\">\n          <div class=\"row align-items-center fixed-height\" style=\"height: 380px;\">\n            <div class=\"col\">\n                              <div class=\"heading-block tac\">\n                                      <div class=\"sub-h\">Nossa hist\u00f3ria nasceu do sonho<\/div>\n                                      <h1 class=\"h\"><span>A<\/span> Empresa<\/h1>\n                                  <\/div>\n                          <\/div>\n          <\/div>\n        <\/div>\n      <\/div>\n    <\/section>\n    <\/div><\/div><\/div><\/div><div class=\"vc_row-full-width vc_clearfix\"><\/div><div class=\"vc_row wpb_row vc_row-fluid vc_custom_1558421890500 vc_row-5cc2de9e1c856\"><div class=\"wpb_animate_when_almost_visible wpb_fadeInLeft fadeInLeft wpb_column vc_column_container vc_col-sm-6 vc_row-5ce2704f46cd9\"><div class=\"vc_column-inner\"><div class=\"wpb_wrapper\"><div class=\"vc_empty_space\"   style=\"height: 50px\"><span class=\"vc_empty_space_inner\"><\/span><\/div>\n\t<div class=\"wpb_text_column wpb_content_element  text-t1\" >\n\t\t<div class=\"wpb_wrapper\">\n\t\t\t<p style=\"text-align: center;\">Somos especialistas em cria\u00e7\u00e3o de sites e solu\u00e7\u00f5es de infraestrutura de TI que proporcionam agilidade, desempenho e melhores resultados para empresas na era da transforma\u00e7\u00e3o digital.<br \/>\nCom mais de 15 anos de mercado criando sites e prestando consultoria em T.I a RB Solutions amadureceu e expandiu seu portf\u00f3lio de solu\u00e7\u00f5es em Tecnologia da Informa\u00e7\u00e3o decidiu investir tamb\u00e9m na \u00e1rea de VANT (Ve\u00edculos A\u00e9reos N\u00e3o Tripulados) foi ai que surgiu a <a href=\"https:\/\/voadrone.com.br\/\" target=\"_blank\" rel=\"noopener\">Voa Drone<\/a> para atender tamb\u00e9m est\u00e1 crescente demanda.<\/p>\n\n\t\t<\/div>\n\t<\/div>\n<div class=\"vc_empty_space\"   style=\"height: 25px\"><span class=\"vc_empty_space_inner\"><\/span><\/div>\n\t<div class=\"wpb_text_column wpb_content_element  text-t1\" >\n\t\t<div class=\"wpb_wrapper\">\n\t\t\t<p style=\"text-align: center;\">N\u00f3s entendemos que a tecnologia n\u00e3o precisa ser cara, e todos devem ter acesso a ela por um pre\u00e7o justo. Por este motivo, nossas solu\u00e7\u00f5es t\u00eam o melhor custo-benef\u00edcio, trazendo mais funcionalidades nativas pelo menor custo.<\/p>\n\n\t\t<\/div>\n\t<\/div>\n<div class=\"vc_empty_space\"   style=\"height: 50px\"><span class=\"vc_empty_space_inner\"><\/span><\/div><\/div><\/div><\/div><div class=\"wpb_animate_when_almost_visible wpb_fadeInRight fadeInRight wpb_column vc_column_container vc_col-sm-6 vc_row-5ce2705794257\"><div class=\"vc_column-inner\"><div class=\"wpb_wrapper\">    <section class=\"banner-area banner-area-62293304b0263 banner-style1 bsl-left swiper-container\">\n              <div class=\"mouse-button on-right\" data-magic-cursor=\"link-small\">\n                      <span>Scroll Down<\/span>\n                  <\/div>\n                        <div class=\"banner-social-links\">\n            <div class=\"social-links-with-label\"><a href=\"https:\/\/www.facebook.com\/rbtechnologysolutions\" target=\"_self\"><i class=\"fab fa-facebook-square\"><\/i><span>Facebook<\/span><\/a><a href=\"https:\/\/www.instagram.com\/rb.technologysolutions\/\" target=\"_self\"><i class=\"fab fa-instagram\"><\/i><span>Instagram<\/span><\/a><a href=\"https:\/\/goo.gl\/maps\/AUDYKTWitXZK2FPt7?coh=178572&#038;entry=tt\" target=\"_self\"><i class=\"fab fa-google-plus-square\"><\/i><span>Google Plus<\/span><\/a><\/div>\n          <\/div>\n                    <div class=\"banner-slider swiper-wrapper full-height\" style=\"\">\n            <div class=\"swiper-slide\">\n      <div class=\"banner-item banner-item-6229331173dc9 tal\">\n        \n    <div class=\"bg-overlay\">\n                        <div class=\"image\" style=\"background-image: url(https:\/\/rbtechnologysolutions.com.br\/wp-content\/uploads\/2022\/08\/65-scaled.jpg)\"><\/div>\n                            <\/div>\n\n            <div class=\"container\">\n          <div class=\"row full-height align-items-center\" style=\"\">\n            <div class=\"col\">\n                          <\/div>\n          <\/div>\n        <\/div>\n      <\/div>\n    <\/div>\n        <div class=\"swiper-slide\">\n      <div class=\"banner-item banner-item-622935e7e50c4 tal\">\n        \n    <div class=\"bg-overlay\">\n                        <div class=\"image\" style=\"background-image: url(https:\/\/rbtechnologysolutions.com.br\/wp-content\/uploads\/2022\/08\/76.jpg)\"><\/div>\n                            <\/div>\n\n            <div class=\"container\">\n          <div class=\"row full-height align-items-center\" style=\"\">\n            <div class=\"col\">\n                          <\/div>\n          <\/div>\n        <\/div>\n      <\/div>\n    <\/div>\n        <div class=\"swiper-slide\">\n      <div class=\"banner-item banner-item-62293322bbfeb tal\">\n        \n    <div class=\"bg-overlay\">\n                        <div class=\"image\" style=\"background-image: url(https:\/\/rbtechnologysolutions.com.br\/wp-content\/uploads\/2022\/08\/29.jpg)\"><\/div>\n                            <\/div>\n\n            <div class=\"container\">\n          <div class=\"row full-height align-items-center\" style=\"\">\n            <div class=\"col\">\n                          <\/div>\n          <\/div>\n        <\/div>\n      <\/div>\n    <\/div>\n        <div class=\"swiper-slide\">\n      <div class=\"banner-item banner-item-6303a77ef1f89 tal\">\n        \n    <div class=\"bg-overlay\">\n                        <div class=\"image\" style=\"background-image: url(https:\/\/rbtechnologysolutions.com.br\/wp-content\/uploads\/2022\/08\/digital-marketing-1725340_1920.jpg)\"><\/div>\n                            <\/div>\n\n            <div class=\"container\">\n          <div class=\"row full-height align-items-center\" style=\"\">\n            <div class=\"col\">\n                          <\/div>\n          <\/div>\n        <\/div>\n      <\/div>\n    <\/div>\n          <\/div>\n    <\/section>\n\n    <\/div><\/div><\/div><\/div><div class=\"vc_row wpb_row vc_row-fluid vc_custom_1557812559137 vc_row-5cda544e1b3f8 vc_row-o-equal-height vc_row-flex\"><div class=\"wpb_column vc_column_container vc_col-sm-12 vc_row-69eccb0d622dd\"><div class=\"vc_column-inner\"><div class=\"wpb_wrapper\"><div class=\"vc_empty_space\"   style=\"height: 50px\"><span class=\"vc_empty_space_inner\"><\/span><\/div><\/div><\/div><\/div><div class=\"wpb_animate_when_almost_visible wpb_fadeInLeft fadeInLeft wpb_column vc_column_container vc_col-sm-6 vc_row-631f454a50597\"><div class=\"vc_column-inner\"><div class=\"wpb_wrapper\"><div class=\"vc_empty_space\"   style=\"height: 25px\"><span class=\"vc_empty_space_inner\"><\/span><\/div>      <div class=\"heading-block heading-5cc14023875a0 tal h-h2 with-dots mode-overlay\">\n                  <h2 class=\"h\">Anos de<br \/>\nde <span>Experiencia no mercado<\/span><\/h2>\n              <\/div>\n        <div class=\"number-block number-block-5cc140ad9607c\"><span>15<\/span><\/div>\n    <\/div><\/div><\/div><div class=\"wpb_animate_when_almost_visible wpb_fadeInRight fadeInRight wpb_column vc_column_container vc_col-sm-6 vc_row-631f4552be6ba\"><div class=\"vc_column-inner\"><div class=\"wpb_wrapper\">      <div class=\"heading-block heading-5cc140ca2fef5 tal h-h5 type-accent\">\n                  <h5 class=\"h\">A quest\u00e3o principal \u00e9 que <span>n\u00f3s fizemos isso antes<\/span> - muitas vezes e com muito sucesso.<\/h5>\n              <\/div>\n    \n\t<div class=\"wpb_text_column wpb_content_element  text-t1\" >\n\t\t<div class=\"wpb_wrapper\">\n\t\t\t<p style=\"text-align: center;\">Buscamos fidelizar nossos clientes por meio do atendimento de contratos de suporte, o que nos permite compreender melhor as demandas individuais de cada caso, e assim providenciar um atendimento \u00e1gil e seguro. Estamos sempre nos atualizando, participando de grupos e f\u00f3runs de discuss\u00f5es, buscando novas informa\u00e7\u00f5es em tudo que \u00e9 relacionado aos nossos servi\u00e7os e procuramos sempre seguir as tend\u00eancias do que h\u00e1 de melhor para a sua empresa. Nosso trabalho tem ajudado as empresas a terem mais acessos, aumentar as vendas, obter mais resultados e converter mais usu\u00e1rios em clientes.<br \/>\nAo procurar um servi\u00e7o ou produto, a primeira a\u00e7\u00e3o de qualquer pessoa \u00e9 realizar uma busca na Rede, cerca de 90% das situa\u00e7\u00f5es resolvemos antes mesmo do usu\u00e1rio saber que estava com algum problema em seu equipamento!<\/p>\n\n\t\t<\/div>\n\t<\/div>\n<\/div><\/div><\/div><div class=\"wpb_animate_when_almost_visible wpb_fadeInUp fadeInUp wpb_column vc_column_container vc_col-sm-12 vc_row-631f4566482e5\"><div class=\"vc_column-inner\"><div class=\"wpb_wrapper\"><div class=\"vc_empty_space\"   style=\"height: 50px\"><span class=\"vc_empty_space_inner\"><\/span><\/div>    <div class=\"skills-block skills-block-5cc2ddf0623ea row\">\n                <div class=\"skill-circle skills-item-5cc2ddfd8a187  col-12 col-sm-12 col-md-3 col-lg-3 col-xl-3  wpb_animate_when_almost_visible wpb_fadeInLeft fadeInLeft\">\n        <div class=\"circle\" data-value=\"0.100\" data-size=\"125\">\n          <div class=\"rate\">100%<\/div>\n        <\/div>\n                  <h5 class=\"h\">Pontualidade na Entrega<\/h5>\n              <\/div>\n              <div class=\"skill-circle skills-item-5cc2de55d29bc  col-12 col-sm-12 col-md-3 col-lg-3 col-xl-3  wpb_animate_when_almost_visible wpb_fadeInUp fadeInUp\">\n        <div class=\"circle\" data-value=\"0.100\" data-size=\"125\">\n          <div class=\"rate\">100%<\/div>\n        <\/div>\n                  <h5 class=\"h\">Transpar\u00eancia<\/h5>\n              <\/div>\n              <div class=\"skill-circle skills-item-5cc2de687c224  col-12 col-sm-12 col-md-3 col-lg-3 col-xl-3  wpb_animate_when_almost_visible wpb_fadeInUp fadeInUp\">\n        <div class=\"circle\" data-value=\"0.100\" data-size=\"125\">\n          <div class=\"rate\">100%<\/div>\n        <\/div>\n                  <h5 class=\"h\">Satista\u00e7\u00e3o com o Cliente<\/h5>\n              <\/div>\n              <div class=\"skill-circle skills-item-62295c6455f0d  col-12 col-sm-12 col-md-3 col-lg-3 col-xl-3  wpb_animate_when_almost_visible wpb_fadeInRight fadeInRight\">\n        <div class=\"circle\" data-value=\"0.100\" data-size=\"125\">\n          <div class=\"rate\">100%<\/div>\n        <\/div>\n                  <h5 class=\"h\">Qualidade<\/h5>\n              <\/div>\n        <\/div>\n    <\/div><\/div><\/div><\/div><div class=\"vc_row wpb_row vc_row-fluid vc_custom_1558423393377 vc_row-5cda4ee30db7a vc_column-gap-30 vc_row-o-equal-height vc_row-flex\"><div class=\"wpb_animate_when_almost_visible wpb_flipInX flipInX wpb_column vc_column_container vc_col-sm-12 vc_row-631f45ceb6385\"><div class=\"vc_column-inner\"><div class=\"wpb_wrapper\"><div class=\"vc_empty_space\"   style=\"height: 50px\"><span class=\"vc_empty_space_inner\"><\/span><\/div>      <div class=\"heading-block heading-631f6383747af tac h-h3 with-bottom-line vc_custom_1663001519656\">\n                  <div class=\"sub-h\">Como podemos te ajudar?<\/div>\n                  <h3 class=\"h\">Conhe\u00e7a cada um dos nossos servi\u00e7os<\/h3>\n              <\/div>\n    <\/div><\/div><\/div><div class=\"side-img wpb_animate_when_almost_visible wpb_fadeInLeft fadeInLeft wpb_column vc_column_container vc_col-sm-6 vc_row-5cda4dda9899d vc_col-has-fill\"><div class=\"vc_column-inner vc_custom_1662993886299\"><div class=\"wpb_wrapper\"><\/div><\/div><\/div><div class=\"wpb_animate_when_almost_visible wpb_fadeInRight fadeInRight wpb_column vc_column_container vc_col-sm-6 vc_row-631f45e3fd19f\"><div class=\"vc_column-inner\"><div class=\"wpb_wrapper\"><div class=\"vc_empty_space\"   style=\"height: 50px\"><span class=\"vc_empty_space_inner\"><\/span><\/div>    <div class=\"accordion-block accordion-block-5cda4e3f76971 vc_custom_1557811280120\">\n          <div class=\"accordion-item accordion-item-5cda4e44f37a2 current\">\n      <div class=\"top\">Manuten\u00e7\u00e3o de Computadores        <div class=\"button\"><\/div>\n      <\/div>\n      <div class=\"wrap\" style=\"display: block;\">Substitui\u00e7\u00e3o de pe\u00e7as, upgrade, avalia\u00e7\u00e3o t\u00e9cnica no local, se houver a necessidade de retirar o equipamento, buscamos e entregamos, assim podendo fazer um or\u00e7amento sem compromisso e te ajudarmos a resolver os problemas que est\u00e3o te atrasando no trabalho, estudo ou lazer, pois sabemos que um computador lento e desatualizado, reduz a produtividade e tamb\u00e9m fica vulner\u00e1vel a v\u00edrus.<\/div>\n    <\/div>\n        <div class=\"accordion-item accordion-item-5cda4e5d1c482\">\n      <div class=\"top\">Infraestrutura de Rede        <div class=\"button\"><\/div>\n      <\/div>\n      <div class=\"wrap\">Uma infraestrutura de rede feita de forma correta \u00e9 importante para que a conex\u00e3o dos equipamentos e servidores que est\u00e3o conectados \u00e0 rede online e el\u00e9trica. Isso porque a infraestrutura de rede garante que o uso e os equipamentos interligados n\u00e3o sofram sobrecarga nem cause danos \u00e0 rede el\u00e9trica.<\/div>\n    <\/div>\n        <div class=\"accordion-item accordion-item-5cda4e66d8584\">\n      <div class=\"top\">Suporte Remoto        <div class=\"button\"><\/div>\n      <\/div>\n      <div class=\"wrap\">O atendimento da empresa, em sua maioria, \u00e9 atrav\u00e9s do suporte remoto. Isto \u00e9, quando um de seus clientes entram em contato solicitando algum tipo de aux\u00edlio em rela\u00e7\u00e3o aos seus computadores, um de nossos profissionais tem, rapidamente, acesso ao sistema do cliente por suporte remoto, oferecendo um servi\u00e7o \u00e1gil e de qualidade.<\/div>\n    <\/div>\n        <div class=\"accordion-item accordion-item-5cda4e6ad880e\">\n      <div class=\"top\">Manuten\u00e7\u00e3o de Impressoras        <div class=\"button\"><\/div>\n      <\/div>\n      <div class=\"wrap\">As manuten\u00e7\u00f5es, em modo geral, consistem em identificar a fonte da falha e encontrar o m\u00e9todo mais r\u00e1pido e eficaz de executar o reparo. Nesses casos, os problemas geralmente se d\u00e3o por mal funcionamento mec\u00e2nico ou operacional, pela necessidade de substitui\u00e7\u00e3o de pe\u00e7as ou apenas pela necessidade de uma limpeza interna preventiva com calibragem. Entre em contato e agende uma consultoria conosco.<\/div>\n    <\/div>\n        <div class=\"accordion-item accordion-item-62fd9d42a6f07\">\n      <div class=\"top\">Manuten\u00e7\u00e3o Preventiva        <div class=\"button\"><\/div>\n      <\/div>\n      <div class=\"wrap\">A manuten\u00e7\u00e3o dos computadores de sua empresa ou resid\u00eancia \u00e9 essencial para que eles continuem funcionando por um bom tempo, limpeza interna, remo\u00e7\u00e3o de poeira e aplica\u00e7\u00e3o de pasta t\u00e9rmica a cada 6 meses podem ajudar em um melhor desempenho.<\/div>\n    <\/div>\n        <div class=\"accordion-item accordion-item-62fd9d0394bbf\">\n      <div class=\"top\">Consultoria em TI        <div class=\"button\"><\/div>\n      <\/div>\n      <div class=\"wrap\">A terceiriza\u00e7\u00e3o de TI \u00e9 uma forma de reduzir encargos trabalhistas, que s\u00e3o gerados pelos altos sal\u00e1rios dos colaboradores da TI que passaram a ser \u201cindispens\u00e1veis\u201d para a empresa. Esta forma de reduzir custos por\u00e9m, cria um abismo enorme na gest\u00e3o do conhecimento sobre a TI.<\/div>\n    <\/div>\n        <div class=\"accordion-item accordion-item-62fd9e78e9124\">\n      <div class=\"top\">Remo\u00e7\u00e3o de v\u00edrus e malware        <div class=\"button\"><\/div>\n      <\/div>\n      <div class=\"wrap\">V\u00edrus e malwares s\u00e3o programas de software maliciosos projetados para causar danos ou romper o funcionamento normal do computador. Os v\u00edrus se propagam atrav\u00e9s da internet e do e-mail. Voc\u00ea pode at\u00e9 mesmo baixar e instalar um programa por vontade pr\u00f3pria e n\u00e3o saber que ele cont\u00e9m malware.<\/div>\n    <\/div>\n        <div class=\"accordion-item accordion-item-5cda4e6fb143d\">\n      <div class=\"top\">Cria\u00e7\u00e3o de Sites        <div class=\"button\"><\/div>\n      <\/div>\n      <div class=\"wrap\">Nosso trabalho tem ajudado as empresas a terem mais acessos, aumentar as vendas, obter mais resultados e converter mais usu\u00e1rios em clientes. ``Hoje, no mundo offline, vendedores busca compradores, ao passo que no mundo online \u00e9 ao contr\u00e1rio: consumidores buscam vendedores.``<\/div>\n    <\/div>\n        <div class=\"accordion-item accordion-item-62fd9e473d235\">\n      <div class=\"top\">Atualiza\u00e7\u00e3o de Sites        <div class=\"button\"><\/div>\n      <\/div>\n      <div class=\"wrap\">Melhorar ou re-projetar um site j\u00e1 existente Voc\u00ea tem um site desatualizado ou que n\u00e3o est\u00e1 executando como ele costumava fazer - ou seus objetivos globais mudaram? Nossa empresa \u00e9 contratada para o trabalho de redesign para ajudar os clientes a obter uma nova vers\u00e3o de seu site.<\/div>\n    <\/div>\n        <div class=\"accordion-item accordion-item-\">\n      <div class=\"top\">Promo\u00e7\u00e3o de marca        <div class=\"button\"><\/div>\n      <\/div>\n      <div class=\"wrap\">Melhorar ou re-projetar um site j\u00e1 existente Voc\u00ea tem um site desatualizado ou que n\u00e3o est\u00e1 executando como ele costumava fazer - ou seus objetivos globais mudaram? Nossa empresa \u00e9 contratada para o trabalho de redesign para ajudar os clientes a obter uma nova vers\u00e3o de seu site.<\/div>\n    <\/div>\n        <div class=\"accordion-item accordion-item-\">\n      <div class=\"top\">Servi\u00e7os em SEO        <div class=\"button\"><\/div>\n      <\/div>\n      <div class=\"wrap\">Ideal para pequenas e m\u00e9dias empresas que precisam mostrar a qualidade dos seus servi\u00e7os com um valor de investimento baixo e solu\u00e7\u00e3o completa. Impulsionar as suas vendas e convers\u00f5es, sem gastar com an\u00fancios online, \u00e9 poss\u00edvel! Esses objetivos, e muitos outros, podem ser alcan\u00e7ados por meio de t\u00e9cnicas de SEO (Search Engine Optimization).<\/div>\n    <\/div>\n        <div class=\"accordion-item accordion-item-62fd9f9805480\">\n      <div class=\"top\">Imagens com Drone        <div class=\"button\"><\/div>\n      <\/div>\n      <div class=\"wrap\">Captamos imagens para publicidade, transmitimos ao vivo para TV e Internet, fotografamos eventos, constru\u00e7\u00e3o civil, inspe\u00e7\u00e3o t\u00e9cnica, agricultura e muito mais. Al\u00e9m de ser muito mais barato que o custo de um aluguel de helic\u00f3ptero, valoriza ainda mais o seu neg\u00f3cio. Temos Projetos focados em encontrar as melhores solu\u00e7\u00f5es para as necessidades de sua empresa, utilizando imagens a\u00e9reas impactantes e de alta qualidade. para mais informa\u00e7\u00f5es acesse: www.voadrone.com.br<\/div>\n    <\/div>\n        <\/div>\n    <div class=\"vc_empty_space\"   style=\"height: 50px\"><span class=\"vc_empty_space_inner\"><\/span><\/div><\/div><\/div><\/div><div class=\"wpb_column vc_column_container vc_col-sm-12 vc_row-69eccb0d62c18\"><div class=\"vc_column-inner\"><div class=\"wpb_wrapper\"><div class=\"vc_empty_space\"   style=\"height: 50px\"><span class=\"vc_empty_space_inner\"><\/span><\/div><\/div><\/div><\/div><\/div>\n<\/section>","protected":false},"excerpt":{"rendered":"Nossa hist\u00f3ria nasceu do sonho A Empresa Somos especialistas em cria\u00e7\u00e3o de sites e solu\u00e7\u00f5es de infraestrutura de TI que proporcionam agilidade, desempenho e melhores resultados para empresas na era da transforma\u00e7\u00e3o digital. Com mais de 15 anos de mercado criando sites e prestando consultoria em T.I a RB Solutions amadureceu e expandiu seu portf\u00f3lio [...]","protected":false},"author":1,"featured_media":1462,"parent":0,"menu_order":0,"comment_status":"closed","ping_status":"closed","template":"template-landing.php","meta":{"_acf_changed":false,"_joinchat":[],"footnotes":""},"class_list":["post-2461","page","type-page","status-publish","has-post-thumbnail","hentry"],"acf":[],"aioseo_notices":[],"_links":{"self":[{"href":"https:\/\/rbtechnologysolutions.com.br\/en\/wp-json\/wp\/v2\/pages\/2461","targetHints":{"allow":["GET"]}}],"collection":[{"href":"https:\/\/rbtechnologysolutions.com.br\/en\/wp-json\/wp\/v2\/pages"}],"about":[{"href":"https:\/\/rbtechnologysolutions.com.br\/en\/wp-json\/wp\/v2\/types\/page"}],"author":[{"embeddable":true,"href":"https:\/\/rbtechnologysolutions.com.br\/en\/wp-json\/wp\/v2\/users\/1"}],"replies":[{"embeddable":true,"href":"https:\/\/rbtechnologysolutions.com.br\/en\/wp-json\/wp\/v2\/comments?post=2461"}],"version-history":[{"count":1,"href":"https:\/\/rbtechnologysolutions.com.br\/en\/wp-json\/wp\/v2\/pages\/2461\/revisions"}],"predecessor-version":[{"id":3021,"href":"https:\/\/rbtechnologysolutions.com.br\/en\/wp-json\/wp\/v2\/pages\/2461\/revisions\/3021"}],"wp:featuredmedia":[{"embeddable":true,"href":"https:\/\/rbtechnologysolutions.com.br\/en\/wp-json\/wp\/v2\/media\/1462"}],"wp:attachment":[{"href":"https:\/\/rbtechnologysolutions.com.br\/en\/wp-json\/wp\/v2\/media?parent=2461"}],"curies":[{"name":"wp","href":"https:\/\/api.w.org\/{rel}","templated":true}]}}