{"id":2479,"date":"2022-09-13T00:20:24","date_gmt":"2022-09-13T03:20:24","guid":{"rendered":"https:\/\/rbtechnologysolutions.com.br\/?page_id=2479"},"modified":"2023-04-18T14:59:23","modified_gmt":"2023-04-18T17:59:23","slug":"rb-technology","status":"publish","type":"page","link":"https:\/\/rbtechnologysolutions.com.br\/en\/rb-technology\/","title":{"rendered":"RB Technology"},"content":{"rendered":"<section class=\"wpb-content-wrapper\"><div data-vc-full-width=\"true\" data-vc-full-width-init=\"false\" data-vc-stretch-content=\"true\" class=\"vc_row wpb_row vc_row-fluid vc_row-5cda53519cfac vc_row-no-padding\"><div class=\"wpb_column vc_column_container vc_col-sm-12 vc_row-69e768908454c\"><div class=\"vc_column-inner\"><div class=\"wpb_wrapper\">    <section class=\"banner-area banner-area-5cda52fa5e0a5 banner-default\">\n            <div class=\"banner-item tac\" style=\"height: 380px;\">\n        \n    <div class=\"bg-overlay\">\n                        <div class=\"image\" data-parallax=\"true\" data-image-src=\"https:\/\/rbtechnologysolutions.com.br\/wp-content\/uploads\/2022\/08\/office-381228_1920.jpg\" data-position-y=\"center\" data-speed=\"0.8\"><\/div>\n                                <div class=\"color\"><\/div>\n          <\/div>\n\n            <div class=\"container\">\n          <div class=\"row align-items-center fixed-height\" style=\"height: 380px;\">\n            <div class=\"col\">\n                              <div class=\"heading-block tac\">\n                                      <div class=\"sub-h\">RB Technology a solu\u00e7\u00e3o moderna<\/div>\n                                      <h1 class=\"h\"><span> Para Proble<\/span>mas Modernos<\/h1>\n                                  <\/div>\n                          <\/div>\n          <\/div>\n        <\/div>\n      <\/div>\n    <\/section>\n    <\/div><\/div><\/div><\/div><div class=\"vc_row-full-width vc_clearfix\"><\/div><div class=\"vc_row wpb_row vc_row-fluid vc_custom_1558423393377 vc_row-69e7689084857 vc_column-gap-30 vc_row-o-equal-height vc_row-flex\"><div class=\"wpb_animate_when_almost_visible wpb_fadeInUp fadeInUp wpb_column vc_column_container vc_col-sm-12 vc_row-631f470afdd73\"><div class=\"vc_column-inner\"><div class=\"wpb_wrapper\">      <div class=\"heading-block heading-63038c83c3924 tac h-h5 with-bottom-line vc_custom_1671667199166\">\n                  <div class=\"sub-h\">Investir em servi\u00e7os de TI pode significar<\/div>\n                  <h5 class=\"h\">O Crescimento da sua Empresa<\/h5>\n              <\/div>\n    <\/div><\/div><\/div><div class=\"wpb_animate_when_almost_visible wpb_fadeInLeft fadeInLeft wpb_column vc_column_container vc_col-sm-6 vc_row-631f47155ac37\"><div class=\"vc_column-inner\"><div class=\"wpb_wrapper\"><div class=\"vc_empty_space\"   style=\"height: 50px\"><span class=\"vc_empty_space_inner\"><\/span><\/div>\n\t<div class=\"wpb_text_column wpb_content_element\" >\n\t\t<div class=\"wpb_wrapper\">\n\t\t\t<ul>\n<li>A seguran\u00e7a empresarial abrange mais do que a defesa de per\u00edmetros. Acessar a internet sem um antiv\u00edrus para proteger o computador \u00e9 sabidamente um suic\u00eddio digital. As amea\u00e7as ao PC s\u00e3o tantas, t\u00e3o variadas e t\u00e3o criativas que quase ningu\u00e9m pensa em dispensar a ajuda de um software de seguran\u00e7a.<\/li>\n<li>A maioria das infec\u00e7\u00f5es tem origem de atividades na Internet, incluindo o download de arquivos ou, at\u00e9 mesmo, a simples navega\u00e7\u00e3o em sites. Embora utilize um anti-v\u00edrus, n\u00e3o existe ainda no mundo, um rem\u00e9dio certo contra este mal. A cada dia novos V\u00edrus chegam \u00e0 rede de computadores mundial (Internet).<\/li>\n<li>\u00c9 importante destacar que o n\u00edvel de complexidade destas amea\u00e7as \u00e9 cada vez maior. Os v\u00edrus, spyware, malware e outras variantes s\u00e3o desenvolvidos com o intuito \u00fanico de danificar e ou roubar dados importantes. Por mais cuidado que tenhamos com nossos Pcs, n\u00e3o podemos garantir que estamos 100% livres de adquirir um v\u00edrus ou malware.<\/li>\n<li>Quando constatado a exist\u00eancia de algum v\u00edrus, imediatamente \u00e9 feito a varredura para identifica\u00e7\u00e3o do v\u00edrus, spyware e outros arquivos nocivos a seguran\u00e7a do usu\u00e1rio. Estes programas maliciosos entram em nossos computadores sem pedir permiss\u00e3o e quando percebemos o estrago j\u00e1 pode ter sido feito.<\/li>\n<li>Com o computador infectado, voc\u00ea est\u00e1 correndo um grande risco de perder seus dados para um hacker. entenda e atue rapidamente em defesa de sua empresa.<\/li>\n<\/ul>\n\n\t\t<\/div>\n\t<\/div>\n<div class=\"vc_empty_space\"   style=\"height: 30px\"><span class=\"vc_empty_space_inner\"><\/span><\/div><\/div><\/div><\/div><div class=\"wpb_animate_when_almost_visible wpb_fadeInRight fadeInRight wpb_column vc_column_container vc_col-sm-6 vc_row-631f471d06067\"><div class=\"vc_column-inner\"><div class=\"wpb_wrapper\"><div class=\"vc_empty_space\"   style=\"height: 25px\"><span class=\"vc_empty_space_inner\"><\/span><\/div>\n\t<div  class=\"wpb_single_image wpb_content_element vc_align_center\">\n\t\t\n\t\t<figure class=\"wpb_wrapper vc_figure\">\n\t\t\t<div class=\"vc_single_image-wrapper   vc_box_border_grey\"><img loading=\"lazy\" decoding=\"async\" width=\"720\" height=\"1080\" src=\"https:\/\/rbtechnologysolutions.com.br\/wp-content\/uploads\/2022\/09\/606.jpg\" class=\"vc_single_image-img attachment-full\" alt=\"\" title=\"606\" srcset=\"https:\/\/rbtechnologysolutions.com.br\/wp-content\/uploads\/2022\/09\/606.jpg 720w, https:\/\/rbtechnologysolutions.com.br\/wp-content\/uploads\/2022\/09\/606-200x300.jpg 200w, https:\/\/rbtechnologysolutions.com.br\/wp-content\/uploads\/2022\/09\/606-683x1024.jpg 683w, https:\/\/rbtechnologysolutions.com.br\/wp-content\/uploads\/2022\/09\/606-8x12.jpg 8w\" sizes=\"auto, (max-width: 720px) 100vw, 720px\" \/><\/div>\n\t\t<\/figure>\n\t<\/div>\n<div class=\"vc_empty_space\"   style=\"height: 25px\"><span class=\"vc_empty_space_inner\"><\/span><\/div><\/div><\/div><\/div><div class=\"wpb_animate_when_almost_visible wpb_fadeInUp fadeInUp wpb_column vc_column_container vc_col-sm-12 vc_row-631f472541413\"><div class=\"vc_column-inner\"><div class=\"wpb_wrapper\">      <div class=\"heading-block heading-63039123ba6cf tac h-h5 with-bottom-line vc_custom_1671667174140\">\n                  <div class=\"sub-h\">Acesso Remoto<\/div>\n                  <h5 class=\"h\">Temos a maneira mais f\u00e1cil de resolver o seu problema remotamente<\/h5>\n              <\/div>\n    \n\t<div class=\"wpb_text_column wpb_content_element\" >\n\t\t<div class=\"wpb_wrapper\">\n\t\t\t<p style=\"text-align: center;\">Acesso remoto consiste na capacidade de um computador acessar, \u00e0 dist\u00e2ncia, um outro computador ou de uma rede de computadores e, assim, visualizar arquivos, o desktop e at\u00e9 controlar programas e as funcionalidades dos dispositivos acessados.<\/p>\n\n\t\t<\/div>\n\t<\/div>\n\n\t<div class=\"wpb_text_column wpb_content_element\" >\n\t\t<div class=\"wpb_wrapper\">\n\t\t\t<p style=\"text-align: center;\">O atendimento da empresa, em sua maioria, \u00e9 atrav\u00e9s do suporte remoto. Isto \u00e9, quando um de seus clientes entram em contato solicitando algum tipo de aux\u00edlio em rela\u00e7\u00e3o aos seus computadores, um de nossos profissionais tem, rapidamente, acesso ao sistema do cliente por suporte remoto, oferecendo um servi\u00e7o \u00e1gil e de qualidade.<\/p>\n\n\t\t<\/div>\n\t<\/div>\n<\/div><\/div><\/div><div class=\"wpb_animate_when_almost_visible wpb_fadeInLeft fadeInLeft wpb_column vc_column_container vc_col-sm-6 vc_row-631f472ed6d5e\"><div class=\"vc_column-inner\"><div class=\"wpb_wrapper\"><div class=\"vc_empty_space\"   style=\"height: 25px\"><span class=\"vc_empty_space_inner\"><\/span><\/div>\n\t<div  class=\"wpb_single_image wpb_content_element vc_align_center\">\n\t\t\n\t\t<figure class=\"wpb_wrapper vc_figure\">\n\t\t\t<div class=\"vc_single_image-wrapper   vc_box_border_grey\"><img loading=\"lazy\" decoding=\"async\" width=\"1080\" height=\"720\" src=\"https:\/\/rbtechnologysolutions.com.br\/wp-content\/uploads\/2022\/09\/607.jpg\" class=\"vc_single_image-img attachment-full\" alt=\"\" title=\"607\" srcset=\"https:\/\/rbtechnologysolutions.com.br\/wp-content\/uploads\/2022\/09\/607.jpg 1080w, https:\/\/rbtechnologysolutions.com.br\/wp-content\/uploads\/2022\/09\/607-300x200.jpg 300w, https:\/\/rbtechnologysolutions.com.br\/wp-content\/uploads\/2022\/09\/607-1024x683.jpg 1024w, https:\/\/rbtechnologysolutions.com.br\/wp-content\/uploads\/2022\/09\/607-768x512.jpg 768w, https:\/\/rbtechnologysolutions.com.br\/wp-content\/uploads\/2022\/09\/607-18x12.jpg 18w\" sizes=\"auto, (max-width: 1080px) 100vw, 1080px\" \/><\/div>\n\t\t<\/figure>\n\t<\/div>\n<div class=\"vc_empty_space\"   style=\"height: 25px\"><span class=\"vc_empty_space_inner\"><\/span><\/div><\/div><\/div><\/div><div class=\"wpb_animate_when_almost_visible wpb_fadeInRight fadeInRight wpb_column vc_column_container vc_col-sm-6 vc_row-631f473416d7d\"><div class=\"vc_column-inner\"><div class=\"wpb_wrapper\"><div class=\"vc_empty_space\"   style=\"height: 25px\"><span class=\"vc_empty_space_inner\"><\/span><\/div>\n\t<div class=\"wpb_text_column wpb_content_element\" >\n\t\t<div class=\"wpb_wrapper\">\n\t\t\t<ul>\n<li>Nosso servi\u00e7o de suporte de TI remoto \u00e9 perfeito para empresas que precisam de uma resposta r\u00e1pida e eficiente quando surgem problemas t\u00e9cnicos.<\/li>\n<li>Atendemos o chamado e acessa remotamente o dispositivo para resolver o problema.<\/li>\n<li>Conectado remotamente podendo fazer 80% dos atendimentos como se estiv\u00e9ssemos em frente ao seu computador.<\/li>\n<li>Oferecemos o servi\u00e7o de Suporte t\u00e9cnico remoto para desktops, servidores e muito mais.<\/li>\n<\/ul>\n\n\t\t<\/div>\n\t<\/div>\n<div class=\"vc_empty_space\"   style=\"height: 25px\"><span class=\"vc_empty_space_inner\"><\/span><\/div><\/div><\/div><\/div><div class=\"wpb_animate_when_almost_visible wpb_fadeInUp fadeInUp wpb_column vc_column_container vc_col-sm-12 vc_row-631f475e6a5e6\"><div class=\"vc_column-inner\"><div class=\"wpb_wrapper\">      <div class=\"heading-block heading-6305187b4828e tac h-h5 with-bottom-line vc_custom_1671667187001\">\n                  <div class=\"sub-h\">Informatica<\/div>\n                  <h5 class=\"h\">Para Voc\u00ea ou Sua Empresa<\/h5>\n              <\/div>\n    <\/div><\/div><\/div><div class=\"wpb_animate_when_almost_visible wpb_fadeInLeft fadeInLeft wpb_column vc_column_container vc_col-sm-6 vc_row-631f4764cc21c\"><div class=\"vc_column-inner\"><div class=\"wpb_wrapper\"><div class=\"vc_empty_space\"   style=\"height: 25px\"><span class=\"vc_empty_space_inner\"><\/span><\/div>\n\t<div class=\"wpb_text_column wpb_content_element\" >\n\t\t<div class=\"wpb_wrapper\">\n\t\t\t<ul>\n<li>Configura\u00e7\u00e3o de Emails e Outlook;<\/li>\n<li>Dimensionamento e Instala\u00e7\u00e3o de Nobreaks;<\/li>\n<li>Suporte T\u00e9cnico Telef\u00f4nico, Remoto e Local;<\/li>\n<li>Instala\u00e7\u00e3o e manuten\u00e7\u00e3o de Servidores;<\/li>\n<li>Instala\u00e7\u00e3o de Switches, Roteadores, Access Point e Demais Perif\u00e9ricos;<\/li>\n<li>Compartilhamento de pastas e Compartilhamento de impressoras;<\/li>\n<li>Instala\u00e7\u00e3o e configura\u00e7\u00e3o de firewall;<\/li>\n<li>Cabeamento Estruturado;Manuten\u00e7\u00e3o de computadores;<\/li>\n<li>Formata\u00e7\u00e3o e Instala\u00e7\u00e3o de programas<\/li>\n<li>Backup de dados<\/li>\n<li>Troca e\/ou instala\u00e7\u00e3o de softwares e\/ou instala\u00e7\u00e3o de sistema operacional<\/li>\n<li>Remo\u00e7\u00e3o de v\u00edrus<\/li>\n<\/ul>\n\n\t\t<\/div>\n\t<\/div>\n<div class=\"vc_empty_space\"   style=\"height: 25px\"><span class=\"vc_empty_space_inner\"><\/span><\/div><\/div><\/div><\/div><div class=\"wpb_animate_when_almost_visible wpb_fadeInRight fadeInRight wpb_column vc_column_container vc_col-sm-6 vc_row-631f476f36f8a\"><div class=\"vc_column-inner\"><div class=\"wpb_wrapper\"><div class=\"vc_empty_space\"   style=\"height: 25px\"><span class=\"vc_empty_space_inner\"><\/span><\/div>\n\t<div  class=\"wpb_single_image wpb_content_element vc_align_center\">\n\t\t\n\t\t<figure class=\"wpb_wrapper vc_figure\">\n\t\t\t<div class=\"vc_single_image-wrapper   vc_box_border_grey\"><img loading=\"lazy\" decoding=\"async\" width=\"2048\" height=\"2560\" src=\"https:\/\/rbtechnologysolutions.com.br\/wp-content\/uploads\/2022\/08\/402.jpg\" class=\"vc_single_image-img attachment-full\" alt=\"\" title=\"402\" srcset=\"https:\/\/rbtechnologysolutions.com.br\/wp-content\/uploads\/2022\/08\/402.jpg 2048w, https:\/\/rbtechnologysolutions.com.br\/wp-content\/uploads\/2022\/08\/402-240x300.jpg 240w, https:\/\/rbtechnologysolutions.com.br\/wp-content\/uploads\/2022\/08\/402-819x1024.jpg 819w, https:\/\/rbtechnologysolutions.com.br\/wp-content\/uploads\/2022\/08\/402-768x960.jpg 768w, https:\/\/rbtechnologysolutions.com.br\/wp-content\/uploads\/2022\/08\/402-1229x1536.jpg 1229w, https:\/\/rbtechnologysolutions.com.br\/wp-content\/uploads\/2022\/08\/402-1638x2048.jpg 1638w\" sizes=\"auto, (max-width: 2048px) 100vw, 2048px\" \/><\/div>\n\t\t<\/figure>\n\t<\/div>\n<div class=\"vc_empty_space\"   style=\"height: 50px\"><span class=\"vc_empty_space_inner\"><\/span><\/div><\/div><\/div><\/div><\/div>\n<\/section>","protected":false},"excerpt":{"rendered":"RB Technology a solu\u00e7\u00e3o moderna Para Problemas Modernos Investir em servi\u00e7os de TI pode significar O Crescimento da sua Empresa A seguran\u00e7a empresarial abrange mais do que a defesa de per\u00edmetros. Acessar a internet sem um antiv\u00edrus para proteger o computador \u00e9 sabidamente um suic\u00eddio digital. As amea\u00e7as ao PC s\u00e3o tantas, t\u00e3o variadas e [...]","protected":false},"author":1,"featured_media":1429,"parent":0,"menu_order":0,"comment_status":"closed","ping_status":"closed","template":"template-landing.php","meta":{"_acf_changed":false,"_joinchat":[],"footnotes":""},"class_list":["post-2479","page","type-page","status-publish","has-post-thumbnail","hentry"],"acf":[],"aioseo_notices":[],"_links":{"self":[{"href":"https:\/\/rbtechnologysolutions.com.br\/en\/wp-json\/wp\/v2\/pages\/2479","targetHints":{"allow":["GET"]}}],"collection":[{"href":"https:\/\/rbtechnologysolutions.com.br\/en\/wp-json\/wp\/v2\/pages"}],"about":[{"href":"https:\/\/rbtechnologysolutions.com.br\/en\/wp-json\/wp\/v2\/types\/page"}],"author":[{"embeddable":true,"href":"https:\/\/rbtechnologysolutions.com.br\/en\/wp-json\/wp\/v2\/users\/1"}],"replies":[{"embeddable":true,"href":"https:\/\/rbtechnologysolutions.com.br\/en\/wp-json\/wp\/v2\/comments?post=2479"}],"version-history":[{"count":0,"href":"https:\/\/rbtechnologysolutions.com.br\/en\/wp-json\/wp\/v2\/pages\/2479\/revisions"}],"wp:featuredmedia":[{"embeddable":true,"href":"https:\/\/rbtechnologysolutions.com.br\/en\/wp-json\/wp\/v2\/media\/1429"}],"wp:attachment":[{"href":"https:\/\/rbtechnologysolutions.com.br\/en\/wp-json\/wp\/v2\/media?parent=2479"}],"curies":[{"name":"wp","href":"https:\/\/api.w.org\/{rel}","templated":true}]}}