{"id":2514,"date":"2022-09-13T01:13:45","date_gmt":"2022-09-13T04:13:45","guid":{"rendered":"https:\/\/rbtechnologysolutions.com.br\/?page_id=2514"},"modified":"2023-04-18T14:30:55","modified_gmt":"2023-04-18T17:30:55","slug":"abertura-de-chamado","status":"publish","type":"page","link":"https:\/\/rbtechnologysolutions.com.br\/en\/abertura-de-chamado\/","title":{"rendered":"Abertura de Chamado"},"content":{"rendered":"<section class=\"wpb-content-wrapper\"><div data-vc-full-width=\"true\" data-vc-full-width-init=\"false\" data-vc-stretch-content=\"true\" class=\"vc_row wpb_row vc_row-fluid vc_row-5cda53519cfac vc_row-no-padding\"><div class=\"wpb_column vc_column_container vc_col-sm-12 vc_row-69f3d67b70a7f\"><div class=\"vc_column-inner\"><div class=\"wpb_wrapper\">    <section class=\"banner-area banner-area-5cda52fa5e0a5 banner-default\">\n            <div class=\"banner-item tac\" style=\"height: 380px;\">\n        \n    <div class=\"bg-overlay\">\n                        <div class=\"image\" data-parallax=\"true\" data-image-src=\"https:\/\/rbtechnologysolutions.com.br\/wp-content\/uploads\/2022\/08\/office-381228_1920.jpg\" data-position-y=\"center\" data-speed=\"0.8\"><\/div>\n                                <div class=\"color\"><\/div>\n          <\/div>\n\n            <div class=\"container\">\n          <div class=\"row align-items-center fixed-height\" style=\"height: 380px;\">\n            <div class=\"col\">\n                              <div class=\"heading-block tac\">\n                                      <div class=\"sub-h\">Foque na sua empresa<\/div>\n                                      <h1 class=\"h\"><span>E Deixe o T.I<\/span> com a gente.<\/h1>\n                                  <\/div>\n                          <\/div>\n          <\/div>\n        <\/div>\n      <\/div>\n    <\/section>\n    <\/div><\/div><\/div><\/div><div class=\"vc_row-full-width vc_clearfix\"><\/div><div class=\"vc_row wpb_row vc_row-fluid vc_custom_1558423393377 vc_row-69f3d67b70dc8 vc_column-gap-30 vc_row-o-equal-height vc_row-flex\"><div class=\"wpb_animate_when_almost_visible wpb_fadeInUp fadeInUp wpb_column vc_column_container vc_col-sm-12 vc_row-631f470afdd73\"><div class=\"vc_column-inner\"><div class=\"wpb_wrapper\">      <div class=\"heading-block heading-63038c83c3924 tac h-h5 with-bottom-line vc_custom_1671665911589\">\n                  <div class=\"sub-h\">Por que a abertura de chamados<\/div>\n                  <h5 class=\"h\">\u00c9 T\u00e3o importante?<\/h5>\n              <\/div>\n    <\/div><\/div><\/div><div class=\"wpb_animate_when_almost_visible wpb_fadeInLeft fadeInLeft wpb_column vc_column_container vc_col-sm-6 vc_row-631f47155ac37\"><div class=\"vc_column-inner\"><div class=\"wpb_wrapper\"><div class=\"vc_empty_space\"   style=\"height: 15px\"><span class=\"vc_empty_space_inner\"><\/span><\/div>\n\t<div class=\"wpb_text_column wpb_content_element\" >\n\t\t<div class=\"wpb_wrapper\">\n\t\t\t<ul>\n<li>Talvez voc\u00ea ainda n\u00e3o fa\u00e7a ideia, mas a abertura de chamados \u00e9 um sistema fundamental para organizar, otimizar e qualificar o atendimento de sua empresa.<\/li>\n<li>A abertura de chamados \u00e9 uma pr\u00e1tica de gest\u00e3o de atendimentos voltada a registrar, organizar e otimizar os tickets (solicita\u00e7\u00f5es) recebidos pela empresa.<\/li>\n<li>O chamado nada mais \u00e9 do que uma solicita\u00e7\u00e3o que o usu\u00e1rio realiza para notificar algum problema ou dificuldade.<\/li>\n<li>Imagine o custo que \u00e9 manter um departamento completo, e que siga padr\u00f5es profissionais na \u00e1rea de TI?<\/li>\n<li>Reduza custos e riscos do departamento de TI com treinamentos, reten\u00e7\u00e3o de talentos e fa\u00e7a com que sua equipe tenha tempo de se concentrar no seu neg\u00f3cio.<\/li>\n<li>O modelo de Chamados de TI facilita a coleta de solicita\u00e7\u00f5es, centralizando dados em um \u00fanico local e de forma padronizada. Controle prioridades, prazos e mantenha a comunica\u00e7\u00e3o descomplicada.<\/li>\n<li>Durante a abertura do chamado, as informa\u00e7\u00f5es ser\u00e3o analisadas pela nossa equipe e o assunto j\u00e1 ser\u00e1 escalado para o pr\u00f3ximo n\u00edvel dependendo da complexidade. Diante desse contexto, nossos especialistas s\u00e3o capacitados para entender e atender qualquer imprevisto que voc\u00ea venha a enfrentar.<\/li>\n<li>Nossos atendimentos s\u00e3o baseados tanto no SLA proativo, que garante a seguran\u00e7a e a evolu\u00e7\u00e3o tecnol\u00f3gica, quanto no SLA reativo, garantindo o tempo m\u00e1ximo para atendimento e solu\u00e7\u00e3o dos eventuais incidentes e requisi\u00e7\u00f5es de mudan\u00e7a.<\/li>\n<\/ul>\n\n\t\t<\/div>\n\t<\/div>\n<div class=\"vc_empty_space\"   style=\"height: 15px\"><span class=\"vc_empty_space_inner\"><\/span><\/div><\/div><\/div><\/div><div class=\"wpb_animate_when_almost_visible wpb_fadeInRight fadeInRight wpb_column vc_column_container vc_col-sm-6 vc_row-631f471d06067\"><div class=\"vc_column-inner\"><div class=\"wpb_wrapper\"><div class=\"vc_empty_space\"   style=\"height: 30px\"><span class=\"vc_empty_space_inner\"><\/span><\/div>\n\t<div  class=\"wpb_single_image wpb_content_element vc_align_center\">\n\t\t\n\t\t<figure class=\"wpb_wrapper vc_figure\">\n\t\t\t<div class=\"vc_single_image-wrapper   vc_box_border_grey\"><img loading=\"lazy\" decoding=\"async\" width=\"1707\" height=\"2560\" src=\"https:\/\/rbtechnologysolutions.com.br\/wp-content\/uploads\/2022\/09\/05-scaled.jpg\" class=\"vc_single_image-img attachment-full\" alt=\"\" title=\"05\" srcset=\"https:\/\/rbtechnologysolutions.com.br\/wp-content\/uploads\/2022\/09\/05-scaled.jpg 1707w, https:\/\/rbtechnologysolutions.com.br\/wp-content\/uploads\/2022\/09\/05-200x300.jpg 200w, https:\/\/rbtechnologysolutions.com.br\/wp-content\/uploads\/2022\/09\/05-683x1024.jpg 683w, https:\/\/rbtechnologysolutions.com.br\/wp-content\/uploads\/2022\/09\/05-768x1152.jpg 768w, https:\/\/rbtechnologysolutions.com.br\/wp-content\/uploads\/2022\/09\/05-1024x1536.jpg 1024w, https:\/\/rbtechnologysolutions.com.br\/wp-content\/uploads\/2022\/09\/05-1365x2048.jpg 1365w, https:\/\/rbtechnologysolutions.com.br\/wp-content\/uploads\/2022\/09\/05-8x12.jpg 8w\" sizes=\"auto, (max-width: 1707px) 100vw, 1707px\" \/><\/div>\n\t\t<\/figure>\n\t<\/div>\n<div class=\"vc_empty_space\"   style=\"height: 30px\"><span class=\"vc_empty_space_inner\"><\/span><\/div><\/div><\/div><\/div><div class=\"wpb_animate_when_almost_visible wpb_fadeInUp fadeInUp wpb_column vc_column_container vc_col-sm-12 vc_row-631f472541413\"><div class=\"vc_column-inner\"><div class=\"wpb_wrapper\">      <div class=\"heading-block heading-63039123ba6cf tac h-h5 with-bottom-line vc_custom_1671665959995\">\n                  <div class=\"sub-h\">Deseja abrir um chamado?<\/div>\n                  <h5 class=\"h\">Temos a maneira mais f\u00e1cil de resolver o seu problema<\/h5>\n              <\/div>\n    <\/div><\/div><\/div><div class=\"wpb_animate_when_almost_visible wpb_fadeInLeft fadeInLeft wpb_column vc_column_container vc_col-sm-6 vc_row-631f472ed6d5e\"><div class=\"vc_column-inner\"><div class=\"wpb_wrapper\"><div class=\"vc_empty_space\"   style=\"height: 50px\"><span class=\"vc_empty_space_inner\"><\/span><\/div>\n\t<div  class=\"wpb_single_image wpb_content_element vc_align_center\">\n\t\t\n\t\t<figure class=\"wpb_wrapper vc_figure\">\n\t\t\t<div class=\"vc_single_image-wrapper   vc_box_border_grey\"><img loading=\"lazy\" decoding=\"async\" width=\"1696\" height=\"2560\" src=\"https:\/\/rbtechnologysolutions.com.br\/wp-content\/uploads\/2022\/09\/13-scaled.jpg\" class=\"vc_single_image-img attachment-full\" alt=\"\" title=\"13\" srcset=\"https:\/\/rbtechnologysolutions.com.br\/wp-content\/uploads\/2022\/09\/13-scaled.jpg 1696w, https:\/\/rbtechnologysolutions.com.br\/wp-content\/uploads\/2022\/09\/13-199x300.jpg 199w, https:\/\/rbtechnologysolutions.com.br\/wp-content\/uploads\/2022\/09\/13-678x1024.jpg 678w, https:\/\/rbtechnologysolutions.com.br\/wp-content\/uploads\/2022\/09\/13-768x1160.jpg 768w, https:\/\/rbtechnologysolutions.com.br\/wp-content\/uploads\/2022\/09\/13-1017x1536.jpg 1017w, https:\/\/rbtechnologysolutions.com.br\/wp-content\/uploads\/2022\/09\/13-1356x2048.jpg 1356w, https:\/\/rbtechnologysolutions.com.br\/wp-content\/uploads\/2022\/09\/13-8x12.jpg 8w\" sizes=\"auto, (max-width: 1696px) 100vw, 1696px\" \/><\/div>\n\t\t<\/figure>\n\t<\/div>\n<div class=\"vc_empty_space\"   style=\"height: 50px\"><span class=\"vc_empty_space_inner\"><\/span><\/div><\/div><\/div><\/div><div class=\"wpb_animate_when_almost_visible wpb_fadeInRight fadeInRight wpb_column vc_column_container vc_col-sm-6 vc_row-631f473416d7d\"><div class=\"vc_column-inner\"><div class=\"wpb_wrapper\"><div class=\"vc_empty_space\"   style=\"height: 25px\"><span class=\"vc_empty_space_inner\"><\/span><\/div>\n<div class=\"wpcf7 no-js\" id=\"wpcf7-f2526-o1\" lang=\"en-US\" dir=\"ltr\" data-wpcf7-id=\"2526\">\n<div class=\"screen-reader-response\"><p role=\"status\" aria-live=\"polite\" aria-atomic=\"true\"><\/p> <ul><\/ul><\/div>\n<form action=\"\/en\/wp-json\/wp\/v2\/pages\/2514#wpcf7-f2526-o1\" method=\"post\" class=\"wpcf7-form init\" aria-label=\"Contact form\" enctype=\"multipart\/form-data\" novalidate=\"novalidate\" data-status=\"init\" data-trp-original-action=\"\/en\/wp-json\/wp\/v2\/pages\/2514#wpcf7-f2526-o1\">\n<fieldset class=\"hidden-fields-container\"><input type=\"hidden\" name=\"_wpcf7\" value=\"2526\" \/><input type=\"hidden\" name=\"_wpcf7_version\" value=\"6.1.5\" \/><input type=\"hidden\" name=\"_wpcf7_locale\" value=\"en_US\" \/><input type=\"hidden\" name=\"_wpcf7_unit_tag\" value=\"wpcf7-f2526-o1\" \/><input type=\"hidden\" name=\"_wpcf7_container_post\" value=\"0\" \/><input type=\"hidden\" name=\"_wpcf7_posted_data_hash\" value=\"\" \/><input type=\"hidden\" name=\"_wpcf7_recaptcha_response\" value=\"\" \/>\n<\/fieldset>\n<div class=\"contact-form\"><div class=\"input-row\"><label>Seu Nome<span>*<\/span><\/label><span class=\"wpcf7-form-control-wrap\" data-name=\"f-name\"><input size=\"40\" maxlength=\"400\" class=\"wpcf7-form-control wpcf7-text style1\" aria-invalid=\"false\" value=\"\" type=\"text\" name=\"f-name\" \/><\/span><\/div><div class=\"input-row\"><label>Seu Telefone<span>*<\/span><\/label><span class=\"wpcf7-form-control-wrap\" data-name=\"tel-647\"><input size=\"40\" maxlength=\"400\" class=\"wpcf7-form-control wpcf7-tel wpcf7-validates-as-required wpcf7-text wpcf7-validates-as-tel style1\" aria-required=\"true\" aria-invalid=\"false\" value=\"\" type=\"tel\" name=\"tel-647\" \/><\/span><\/div><div class=\"input-row\"><label>Seu Email <span>*<\/span><\/label><span class=\"wpcf7-form-control-wrap\" data-name=\"f-email\"><input size=\"40\" maxlength=\"400\" class=\"wpcf7-form-control wpcf7-text style1\" aria-invalid=\"false\" value=\"\" type=\"text\" name=\"f-email\" \/><\/span><\/div><div class=\"input-row\"><label>Empresa <span>*<\/span><\/label><span class=\"wpcf7-form-control-wrap\" data-name=\"text-653\"><input size=\"40\" maxlength=\"400\" class=\"wpcf7-form-control wpcf7-text wpcf7-validates-as-required style1\" aria-required=\"true\" aria-invalid=\"false\" value=\"\" type=\"text\" name=\"text-653\" \/><\/span><\/div><div class=\"input-row\"><label>Setor <span>*<\/span><\/label><span class=\"wpcf7-form-control-wrap\" data-name=\"text-764\"><input size=\"40\" maxlength=\"400\" class=\"wpcf7-form-control wpcf7-text style1\" aria-invalid=\"false\" value=\"\" type=\"text\" name=\"text-764\" \/><\/span><\/div><div class=\"input-row\"><label>Arquivo <span>*<\/span><\/label><span class=\"wpcf7-form-control-wrap\" data-name=\"file-321\"><input size=\"40\" class=\"wpcf7-form-control wpcf7-file style1\" accept=\".pdf,.docx,.pptx,.xlsx\" aria-invalid=\"false\" type=\"file\" name=\"file-321\" \/><\/span><\/div><div class=\"input-row\"><label>Sua Mensagem <span>*<\/span><\/label><span class=\"wpcf7-form-control-wrap\" data-name=\"f-message\"><textarea cols=\"40\" rows=\"6\" maxlength=\"2000\" class=\"wpcf7-form-control wpcf7-textarea style1\" aria-invalid=\"false\" name=\"f-message\"><\/textarea><\/span><\/div><div class=\"input-row\"><label> S\u00f3 mais um passo, responda a Captcha abaixo. <span>*<\/span><\/label><span class=\"wpcf7-form-control-wrap\" data-name=\"quiz-264\"><label><span class=\"wpcf7-quiz-label\">1+1=?<\/span> <input size=\"40\" class=\"wpcf7-form-control wpcf7-quiz style1\" autocomplete=\"off\" aria-required=\"true\" aria-invalid=\"false\" type=\"text\" name=\"quiz-264\" \/><\/label><input type=\"hidden\" name=\"_wpcf7_quiz_answer_quiz-264\" value=\"7fc384db2544933883f9c2a57157ddce\" \/><\/span>\n<\/div>\n<button class=\"button-style2\" type=\"submit\"><span>Enviar<\/span><\/button><\/div><div class=\"wpcf7-response-output\" aria-hidden=\"true\"><\/div>\n<input type=\"hidden\" name=\"trp-form-language\" value=\"en\"\/><\/form>\n<\/div>\n<div class=\"vc_empty_space\"   style=\"height: 25px\"><span class=\"vc_empty_space_inner\"><\/span><\/div><\/div><\/div><\/div><\/div>\n<\/section>","protected":false},"excerpt":{"rendered":"Foque na sua empresa E Deixe o T.I com a gente. Por que a abertura de chamados \u00c9 T\u00e3o importante? Talvez voc\u00ea ainda n\u00e3o fa\u00e7a ideia, mas a abertura de chamados \u00e9 um sistema fundamental para organizar, otimizar e qualificar o atendimento de sua empresa. A abertura de chamados \u00e9 uma pr\u00e1tica de gest\u00e3o de [...]","protected":false},"author":1,"featured_media":2501,"parent":0,"menu_order":0,"comment_status":"closed","ping_status":"closed","template":"template-landing.php","meta":{"_acf_changed":false,"_joinchat":[],"footnotes":""},"class_list":["post-2514","page","type-page","status-publish","has-post-thumbnail","hentry"],"acf":[],"aioseo_notices":[],"_links":{"self":[{"href":"https:\/\/rbtechnologysolutions.com.br\/en\/wp-json\/wp\/v2\/pages\/2514","targetHints":{"allow":["GET"]}}],"collection":[{"href":"https:\/\/rbtechnologysolutions.com.br\/en\/wp-json\/wp\/v2\/pages"}],"about":[{"href":"https:\/\/rbtechnologysolutions.com.br\/en\/wp-json\/wp\/v2\/types\/page"}],"author":[{"embeddable":true,"href":"https:\/\/rbtechnologysolutions.com.br\/en\/wp-json\/wp\/v2\/users\/1"}],"replies":[{"embeddable":true,"href":"https:\/\/rbtechnologysolutions.com.br\/en\/wp-json\/wp\/v2\/comments?post=2514"}],"version-history":[{"count":1,"href":"https:\/\/rbtechnologysolutions.com.br\/en\/wp-json\/wp\/v2\/pages\/2514\/revisions"}],"predecessor-version":[{"id":3051,"href":"https:\/\/rbtechnologysolutions.com.br\/en\/wp-json\/wp\/v2\/pages\/2514\/revisions\/3051"}],"wp:featuredmedia":[{"embeddable":true,"href":"https:\/\/rbtechnologysolutions.com.br\/en\/wp-json\/wp\/v2\/media\/2501"}],"wp:attachment":[{"href":"https:\/\/rbtechnologysolutions.com.br\/en\/wp-json\/wp\/v2\/media?parent=2514"}],"curies":[{"name":"wp","href":"https:\/\/api.w.org\/{rel}","templated":true}]}}