{"id":2789,"date":"2023-02-09T20:32:29","date_gmt":"2023-02-09T23:32:29","guid":{"rendered":"https:\/\/rbtechnologysolutions.com.br\/?page_id=2789"},"modified":"2023-08-23T13:08:38","modified_gmt":"2023-08-23T16:08:38","slug":"acesso-remoto","status":"publish","type":"page","link":"https:\/\/rbtechnologysolutions.com.br\/en\/acesso-remoto\/","title":{"rendered":"Acesso Remoto"},"content":{"rendered":"<section class=\"wpb-content-wrapper\"><div data-vc-full-width=\"true\" data-vc-full-width-init=\"false\" data-vc-stretch-content=\"true\" class=\"vc_row wpb_row vc_row-fluid vc_row-5cda53519cfac vc_row-no-padding\"><div class=\"wpb_column vc_column_container vc_col-sm-12 vc_row-69ea1c9e7673a\"><div class=\"vc_column-inner\"><div class=\"wpb_wrapper\">    <section class=\"banner-area banner-area-5cda52fa5e0a5 banner-default\">\n            <div class=\"banner-item tac\" style=\"height: 380px;\">\n        \n    <div class=\"bg-overlay\">\n                        <div class=\"image\" data-parallax=\"true\" data-image-src=\"https:\/\/rbtechnologysolutions.com.br\/wp-content\/uploads\/2022\/08\/office-381228_1920.jpg\" data-position-y=\"center\" data-speed=\"0.8\"><\/div>\n                                <div class=\"color\"><\/div>\n          <\/div>\n\n            <div class=\"container\">\n          <div class=\"row align-items-center fixed-height\" style=\"height: 380px;\">\n            <div class=\"col\">\n                              <div class=\"heading-block tac\">\n                                      <div class=\"sub-h\">Precisando de Ajuda?<\/div>\n                                      <h1 class=\"h\"><span>Podemos resolver<\/span> remotamente<\/h1>\n                                  <\/div>\n                          <\/div>\n          <\/div>\n        <\/div>\n      <\/div>\n    <\/section>\n    <\/div><\/div><\/div><\/div><div class=\"vc_row-full-width vc_clearfix\"><\/div><div class=\"vc_row wpb_row vc_row-fluid wpb_animate_when_almost_visible wpb_fadeIn fadeIn vc_custom_1676074586474 vc_row-5cc2de9e1c856\"><div class=\"wpb_animate_when_almost_visible wpb_fadeIn fadeIn wpb_column vc_column_container vc_col-sm-12 vc_row-5ce2704f46cd9\"><div class=\"vc_column-inner\"><div class=\"wpb_wrapper\"><div class=\"vc_empty_space\"   style=\"height: 25px\"><span class=\"vc_empty_space_inner\"><\/span><\/div>      <div class=\"heading-block heading- tac h-h5 with-bottom-line vc_custom_1676068515897\">\n                  <div class=\"sub-h\">Suporte remoto para computadores, servidores ou dispositivo m\u00f3veis de n\u00edvel comercial e residencial a qualquer hora e lugar.<\/div>\n                  <h5 class=\"h\">Utilizado com sucesso por grandes empresas.<\/h5>\n              <\/div>\n    <div class=\"vc_empty_space\"   style=\"height: 25px\"><span class=\"vc_empty_space_inner\"><\/span><\/div><\/div><\/div><\/div><div class=\"wpb_animate_when_almost_visible wpb_fadeInLeft fadeInLeft wpb_column vc_column_container vc_col-sm-6 vc_row-5ce2705794257\"><div class=\"vc_column-inner\"><div class=\"wpb_wrapper\">\n\t<div class=\"wpb_text_column wpb_content_element  text-t1\" >\n\t\t<div class=\"wpb_wrapper\">\n\t\t\t<ul>\n<li style=\"text-align: left;\">O que \u00e9 acesso remoto?<\/li>\n<\/ul>\n<p>Acesso remoto \u00e9 a capacidade de um dispositivo conectar-se com outro \u00e0 dist\u00e2ncia, independentemente de sua localiza\u00e7\u00e3o f\u00edsica, seja ele um computador, um smartphone ou um tablet. Basta apenas ter o mesmo software instalado em ambos, bem como as informa\u00e7\u00f5es corretas de entrada.<\/p>\n<p style=\"text-align: left;\">Com a liga\u00e7\u00e3o estabelecida, voc\u00ea ter\u00e1 controle total sobre o dispositivo ao qual est\u00e1 conectado. Na pr\u00e1tica, voc\u00ea poder\u00e1 executar qualquer aplicativo ou abrir arquivos no computador e gerenci\u00e1-lo da forma que precisar.<\/p>\n\n\t\t<\/div>\n\t<\/div>\n\n\t<div class=\"wpb_text_column wpb_content_element  text-t1\" >\n\t\t<div class=\"wpb_wrapper\">\n\t\t\t<ul>\n<li>Quando \u00e9 necessario?<\/li>\n<\/ul>\n<p style=\"text-align: left;\">\u00c9 poss\u00edvel utilizar o suporte de TI remoto em diferentes casos, como instala\u00e7\u00e3o de softwares, problemas relacionados \u00e0 programa\u00e7\u00e3o, manuten\u00e7\u00e3o de hist\u00f3ricos, entre outros. Sendo assim, ele \u00e9 mais utilizado para solucionar quest\u00f5es simples.<\/p>\n<p>Al\u00e9m disso, o acesso remoto consegue economizar tempo. Isso porque, quando surgir algum incidente de TI, voc\u00ea s\u00f3 precisa entrar em contato conosco e j\u00e1\u00a0 iremos dar in\u00edcio \u00e0 assist\u00eancia rapidamente.<\/p>\n\n\t\t<\/div>\n\t<\/div>\n<div class=\"vc_empty_space\"   style=\"height: 50px\"><span class=\"vc_empty_space_inner\"><\/span><\/div><\/div><\/div><\/div><div class=\"wpb_animate_when_almost_visible wpb_fadeInRight fadeInRight wpb_column vc_column_container vc_col-sm-6 vc_row-63e6c6fdde2b1\"><div class=\"vc_column-inner\"><div class=\"wpb_wrapper\"><div class=\"vc_empty_space\"   style=\"height: 50px\"><span class=\"vc_empty_space_inner\"><\/span><\/div>    <section class=\"banner-area banner-area-62293304b0263 banner-style1 bsl-left swiper-container\">\n              <div class=\"mouse-button on-right\" data-magic-cursor=\"link-small\">\n                      <span>Scroll Down<\/span>\n                  <\/div>\n                        <div class=\"banner-social-links\">\n            <div class=\"social-links-with-label\"><a href=\"https:\/\/www.facebook.com\/rbtechnologysolutions\" target=\"_self\"><i class=\"fab fa-facebook-square\"><\/i><span>Facebook<\/span><\/a><a href=\"https:\/\/www.instagram.com\/rb.technologysolutions\/\" target=\"_self\"><i class=\"fab fa-instagram\"><\/i><span>Instagram<\/span><\/a><a href=\"https:\/\/goo.gl\/maps\/AUDYKTWitXZK2FPt7?coh=178572&#038;entry=tt\" target=\"_self\"><i class=\"fab fa-google-plus-square\"><\/i><span>Google Plus<\/span><\/a><\/div>\n          <\/div>\n                    <div class=\"banner-slider swiper-wrapper full-height\" style=\"\">\n            <div class=\"swiper-slide\">\n      <div class=\"banner-item banner-item-6229331173dc9 tal\">\n        \n    <div class=\"bg-overlay\">\n                        <div class=\"image\" style=\"background-image: url(https:\/\/rbtechnologysolutions.com.br\/wp-content\/uploads\/2023\/02\/56879.jpg)\"><\/div>\n                            <\/div>\n\n            <div class=\"container\">\n          <div class=\"row full-height align-items-center\" style=\"\">\n            <div class=\"col\">\n                          <\/div>\n          <\/div>\n        <\/div>\n      <\/div>\n    <\/div>\n        <div class=\"swiper-slide\">\n      <div class=\"banner-item banner-item-62293322bbfeb tal\">\n        \n    <div class=\"bg-overlay\">\n                        <div class=\"image\" style=\"background-image: url(https:\/\/rbtechnologysolutions.com.br\/wp-content\/uploads\/2023\/02\/56880.jpg)\"><\/div>\n                            <\/div>\n\n            <div class=\"container\">\n          <div class=\"row full-height align-items-center\" style=\"\">\n            <div class=\"col\">\n                          <\/div>\n          <\/div>\n        <\/div>\n      <\/div>\n    <\/div>\n          <\/div>\n    <\/section>\n\n    <\/div><\/div><\/div><\/div><div class=\"vc_row wpb_row vc_row-fluid vc_custom_1676074633074 vc_row-5cda544e1b3f8 vc_row-o-equal-height vc_row-flex\"><div class=\"wpb_animate_when_almost_visible wpb_fadeIn fadeIn wpb_column vc_column_container vc_col-sm-12 vc_row-63e6de8d6a972\"><div class=\"vc_column-inner\"><div class=\"wpb_wrapper\"><div class=\"vc_empty_space\"   style=\"height: 50px\"><span class=\"vc_empty_space_inner\"><\/span><\/div>      <div class=\"heading-block heading-631f6383747af tac h-h5 with-bottom-line vc_custom_1676069791818\">\n                  <div class=\"sub-h\">Bastante usado no meio corporativo<\/div>\n                  <h5 class=\"h\">Esses softwares tamb\u00e9m s\u00e3o muito \u00fateis para usu\u00e1rios comuns.<\/h5>\n              <\/div>\n    <\/div><\/div><\/div><div class=\"wpb_animate_when_almost_visible wpb_fadeInLeft fadeInLeft wpb_column vc_column_container vc_col-sm-4 vc_row-631f454a50597\"><div class=\"vc_column-inner\"><div class=\"wpb_wrapper\"><div class=\"vc_empty_space\"   style=\"height: 25px\"><span class=\"vc_empty_space_inner\"><\/span><\/div>      <div class=\"heading-block heading-63e6d6fcdd675 tac h-h5 with-bottom-line vc_custom_1676072889147\">\n                  <h5 class=\"h\">TeamViewer<\/h5>\n              <\/div>\n    \n\t<div  class=\"wpb_single_image wpb_content_element vc_align_center\">\n\t\t\n\t\t<figure class=\"wpb_wrapper vc_figure\">\n\t\t\t<div class=\"vc_single_image-wrapper   vc_box_border_grey\"><img loading=\"lazy\" decoding=\"async\" width=\"300\" height=\"168\" src=\"https:\/\/rbtechnologysolutions.com.br\/wp-content\/uploads\/2023\/02\/TeamViewer.jpg\" class=\"vc_single_image-img attachment-full\" alt=\"\" title=\"TeamViewer\" srcset=\"https:\/\/rbtechnologysolutions.com.br\/wp-content\/uploads\/2023\/02\/TeamViewer.jpg 300w, https:\/\/rbtechnologysolutions.com.br\/wp-content\/uploads\/2023\/02\/TeamViewer-18x10.jpg 18w\" sizes=\"auto, (max-width: 300px) 100vw, 300px\" \/><\/div>\n\t\t<\/figure>\n\t<\/div>\n\n\t<div class=\"wpb_text_column wpb_content_element  text-t1\" >\n\t\t<div class=\"wpb_wrapper\">\n\t\t\t<p style=\"text-align: center;\">O TeamViewer \u00e9 um dos softwares mais utilizados para acesso remoto no mundo. Com ele, \u00e9 poss\u00edvel usar um dispositivo em outro local, seja ele um PC, seja smartphone, e ter acesso a todas as fun\u00e7\u00f5es, como se estivesse diante do aparelho. Ele tamb\u00e9m se destaca pela velocidade de conex\u00e3o para realizar as tarefas e op\u00e7\u00f5es de compartilhamento de arquivos.<\/p>\n\n\t\t<\/div>\n\t<\/div>\n<div class=\"vc_btn3-container vc_btn3-center\" ><a class=\"vc_general vc_btn3 vc_btn3-size-md vc_btn3-shape-round vc_btn3-style-3d vc_btn3-color-primary\" href=\"https:\/\/www.teamviewer.com\/pt-br\/\" title=\"TeamViewer\" target=\"_blank\">Download<\/a><\/div><div class=\"vc_empty_space\"   style=\"height: 25px\"><span class=\"vc_empty_space_inner\"><\/span><\/div><\/div><\/div><\/div><div class=\"wpb_animate_when_almost_visible wpb_fadeInUp fadeInUp wpb_column vc_column_container vc_col-sm-4 vc_row-631f4552be6ba\"><div class=\"vc_column-inner\"><div class=\"wpb_wrapper\"><div class=\"vc_empty_space\"   style=\"height: 25px\"><span class=\"vc_empty_space_inner\"><\/span><\/div>      <div class=\"heading-block heading-63e6d7cfd3861 tac h-h5 with-bottom-line vc_custom_1676072920411\">\n                  <h5 class=\"h\">AnyDesk<\/h5>\n              <\/div>\n    \n\t<div  class=\"wpb_single_image wpb_content_element vc_align_center\">\n\t\t\n\t\t<figure class=\"wpb_wrapper vc_figure\">\n\t\t\t<div class=\"vc_single_image-wrapper   vc_box_border_grey\"><img loading=\"lazy\" decoding=\"async\" width=\"300\" height=\"168\" src=\"https:\/\/rbtechnologysolutions.com.br\/wp-content\/uploads\/2023\/02\/anydesk.png\" class=\"vc_single_image-img attachment-full\" alt=\"\" title=\"anydesk\" srcset=\"https:\/\/rbtechnologysolutions.com.br\/wp-content\/uploads\/2023\/02\/anydesk.png 300w, https:\/\/rbtechnologysolutions.com.br\/wp-content\/uploads\/2023\/02\/anydesk-18x10.png 18w\" sizes=\"auto, (max-width: 300px) 100vw, 300px\" \/><\/div>\n\t\t<\/figure>\n\t<\/div>\n\n\t<div class=\"wpb_text_column wpb_content_element  text-t1\" >\n\t\t<div class=\"wpb_wrapper\">\n\t\t\t<p style=\"text-align: center;\">A ferramenta alem\u00e3 Any Desk possui caracter\u00edsticas similares ao TeamViewer como o uso de uma ID e senha para a realiza\u00e7\u00e3o de acesso remoto entre um equipamento e outro, pequenas diferen\u00e7as entre elas. Mas tamb\u00e9m \u00e9 uma \u00f3tima solu\u00e7\u00e3o para o acesso remoto com op\u00e7\u00f5es de seguran\u00e7a avan\u00e7ada por meio de codifica\u00e7\u00e3o.<\/p>\n\n\t\t<\/div>\n\t<\/div>\n<div class=\"vc_btn3-container vc_btn3-center\" ><a class=\"vc_general vc_btn3 vc_btn3-size-md vc_btn3-shape-round vc_btn3-style-3d vc_btn3-color-primary\" href=\"https:\/\/anydesk.com\/pt\/\" title=\"AnyDesk\" target=\"_blank\">Download<\/a><\/div><div class=\"vc_empty_space\"   style=\"height: 25px\"><span class=\"vc_empty_space_inner\"><\/span><\/div><\/div><\/div><\/div><div class=\"wpb_animate_when_almost_visible wpb_fadeInRight fadeInRight wpb_column vc_column_container vc_col-sm-4 vc_row-631f4566482e5\"><div class=\"vc_column-inner\"><div class=\"wpb_wrapper\"><div class=\"vc_empty_space\"   style=\"height: 25px\"><span class=\"vc_empty_space_inner\"><\/span><\/div>      <div class=\"heading-block heading-63e6d7e077a8a tac h-h5 with-bottom-line vc_custom_1676072935236\">\n                  <h5 class=\"h\">LogMeIn<\/h5>\n              <\/div>\n    \n\t<div  class=\"wpb_single_image wpb_content_element vc_align_center\">\n\t\t\n\t\t<figure class=\"wpb_wrapper vc_figure\">\n\t\t\t<div class=\"vc_single_image-wrapper   vc_box_border_grey\"><img loading=\"lazy\" decoding=\"async\" width=\"300\" height=\"168\" src=\"https:\/\/rbtechnologysolutions.com.br\/wp-content\/uploads\/2023\/02\/LogMeIn.jpg\" class=\"vc_single_image-img attachment-full\" alt=\"\" title=\"LogMeIn\" srcset=\"https:\/\/rbtechnologysolutions.com.br\/wp-content\/uploads\/2023\/02\/LogMeIn.jpg 300w, https:\/\/rbtechnologysolutions.com.br\/wp-content\/uploads\/2023\/02\/LogMeIn-18x10.jpg 18w\" sizes=\"auto, (max-width: 300px) 100vw, 300px\" \/><\/div>\n\t\t<\/figure>\n\t<\/div>\n\n\t<div class=\"wpb_text_column wpb_content_element  text-t1\" >\n\t\t<div class=\"wpb_wrapper\">\n\t\t\t<p style=\"text-align: center;\">O LogMeIn anunciou que agora se chama GoTo e \u00e9 uma das ferramentas de acesso remoto mais antigas do mercado. Al\u00e9m disso, ele tamb\u00e9m oferece outras fun\u00e7\u00f5es, como Liga\u00e7\u00f5es, reuni\u00f5es online, bate-papo, plataforma de videoconfer\u00eancias, armazenamento de arquivos em nuvem e a cria\u00e7\u00e3o de m\u00e1quinas virtuais que tamb\u00e9m podem ser acessadas remotamente.<\/p>\n\n\t\t<\/div>\n\t<\/div>\n<div class=\"vc_btn3-container vc_btn3-center\" ><a class=\"vc_general vc_btn3 vc_btn3-size-md vc_btn3-shape-round vc_btn3-style-3d vc_btn3-color-primary\" href=\"https:\/\/www.logmein.com\/pt\" title=\"LogMeIn\" target=\"_blank\">Download<\/a><\/div><div class=\"vc_empty_space\"   style=\"height: 25px\"><span class=\"vc_empty_space_inner\"><\/span><\/div><\/div><\/div><\/div><div class=\"wpb_animate_when_almost_visible wpb_fadeInLeft fadeInLeft wpb_column vc_column_container vc_col-sm-4 vc_row-63e6ddfa40f09\"><div class=\"vc_column-inner\"><div class=\"wpb_wrapper\"><div class=\"vc_empty_space\"   style=\"height: 25px\"><span class=\"vc_empty_space_inner\"><\/span><\/div>      <div class=\"heading-block heading-63e6d8005c963 tac h-h5 with-bottom-line vc_custom_1676072962187\">\n                  <h5 class=\"h\">Chrome Remote Desktop<\/h5>\n              <\/div>\n    \n\t<div  class=\"wpb_single_image wpb_content_element vc_align_center\">\n\t\t\n\t\t<figure class=\"wpb_wrapper vc_figure\">\n\t\t\t<div class=\"vc_single_image-wrapper   vc_box_border_grey\"><img loading=\"lazy\" decoding=\"async\" width=\"300\" height=\"168\" src=\"https:\/\/rbtechnologysolutions.com.br\/wp-content\/uploads\/2023\/02\/Crome-Remote-Desktop.jpg\" class=\"vc_single_image-img attachment-full\" alt=\"\" title=\"Crome Remote Desktop\" srcset=\"https:\/\/rbtechnologysolutions.com.br\/wp-content\/uploads\/2023\/02\/Crome-Remote-Desktop.jpg 300w, https:\/\/rbtechnologysolutions.com.br\/wp-content\/uploads\/2023\/02\/Crome-Remote-Desktop-18x10.jpg 18w\" sizes=\"auto, (max-width: 300px) 100vw, 300px\" \/><\/div>\n\t\t<\/figure>\n\t<\/div>\n\n\t<div class=\"wpb_text_column wpb_content_element  text-t1\" >\n\t\t<div class=\"wpb_wrapper\">\n\t\t\t<p style=\"text-align: center;\">Como o pr\u00f3prio nome sugere, o Chrome Remote Desktop \u00e9 uma ferramenta do navegador que permite controlar o seu PC ou smartphone. \u00c9 uma excelente op\u00e7\u00e3o para quem n\u00e3o quer gastar nada para acessar remotamente seu dispositivo, e tamb\u00e9m quem busca uma op\u00e7\u00e3o pr\u00e1tica sem muitas configura\u00e7\u00f5es.<\/p>\n\n\t\t<\/div>\n\t<\/div>\n<div class=\"vc_btn3-container vc_btn3-center\" ><a class=\"vc_general vc_btn3 vc_btn3-size-md vc_btn3-shape-round vc_btn3-style-3d vc_btn3-color-primary\" href=\"https:\/\/remotedesktop.google.com\/\" title=\"Chrome Remote Desktop\" target=\"_blank\">Download<\/a><\/div><div class=\"vc_empty_space\"   style=\"height: 25px\"><span class=\"vc_empty_space_inner\"><\/span><\/div><\/div><\/div><\/div><div class=\"wpb_animate_when_almost_visible wpb_fadeInUp fadeInUp wpb_column vc_column_container vc_col-sm-4 vc_row-63e6de0b13cf4\"><div class=\"vc_column-inner\"><div class=\"wpb_wrapper\"><div class=\"vc_empty_space\"   style=\"height: 25px\"><span class=\"vc_empty_space_inner\"><\/span><\/div>      <div class=\"heading-block heading-63e6d80bd025a tac h-h5 with-bottom-line vc_custom_1676073010851\">\n                  <h5 class=\"h\">Getscreen.me<\/h5>\n              <\/div>\n    \n\t<div  class=\"wpb_single_image wpb_content_element vc_align_center\">\n\t\t\n\t\t<figure class=\"wpb_wrapper vc_figure\">\n\t\t\t<div class=\"vc_single_image-wrapper   vc_box_border_grey\"><img loading=\"lazy\" decoding=\"async\" width=\"300\" height=\"168\" src=\"https:\/\/rbtechnologysolutions.com.br\/wp-content\/uploads\/2023\/02\/Getscreenme.jpg\" class=\"vc_single_image-img attachment-full\" alt=\"\" title=\"Getscreenme\" srcset=\"https:\/\/rbtechnologysolutions.com.br\/wp-content\/uploads\/2023\/02\/Getscreenme.jpg 300w, https:\/\/rbtechnologysolutions.com.br\/wp-content\/uploads\/2023\/02\/Getscreenme-18x10.jpg 18w\" sizes=\"auto, (max-width: 300px) 100vw, 300px\" \/><\/div>\n\t\t<\/figure>\n\t<\/div>\n\n\t<div class=\"wpb_text_column wpb_content_element  text-t1\" >\n\t\t<div class=\"wpb_wrapper\">\n\t\t\t<p style=\"text-align: center;\">Uma ferramenta bastante robusta. A principal vantagem dessa ferramenta \u00e9 que voc\u00ea conectar computadores remotamente sem a necessidade de instala\u00e7\u00e3o do aplicativo Getscreen.me. Se instalar o programa, \u00e9 poss\u00edvel realizar chamadas de voz enquanto os computadores est\u00e3o conectados.<\/p>\n\n\t\t<\/div>\n\t<\/div>\n<div class=\"vc_btn3-container vc_btn3-center\" ><a class=\"vc_general vc_btn3 vc_btn3-size-md vc_btn3-shape-round vc_btn3-style-3d vc_btn3-color-primary\" href=\"https:\/\/getscreen.me\/pt\/\" title=\"Getscreen.me\" target=\"_blank\">Download<\/a><\/div><div class=\"vc_empty_space\"   style=\"height: 25px\"><span class=\"vc_empty_space_inner\"><\/span><\/div><\/div><\/div><\/div><div class=\"wpb_animate_when_almost_visible wpb_fadeInRight fadeInRight wpb_column vc_column_container vc_col-sm-4 vc_row-63e6de136f513\"><div class=\"vc_column-inner\"><div class=\"wpb_wrapper\"><div class=\"vc_empty_space\"   style=\"height: 25px\"><span class=\"vc_empty_space_inner\"><\/span><\/div>      <div class=\"heading-block heading-63e6d83ba6290 tac h-h5 with-bottom-line vc_custom_1676073031251\">\n                  <h5 class=\"h\">Microsoft Remote Desktop<\/h5>\n              <\/div>\n    \n\t<div  class=\"wpb_single_image wpb_content_element vc_align_center\">\n\t\t\n\t\t<figure class=\"wpb_wrapper vc_figure\">\n\t\t\t<div class=\"vc_single_image-wrapper   vc_box_border_grey\"><img loading=\"lazy\" decoding=\"async\" width=\"300\" height=\"168\" src=\"https:\/\/rbtechnologysolutions.com.br\/wp-content\/uploads\/2023\/02\/Microsoft-Remote-Desktop.jpg\" class=\"vc_single_image-img attachment-full\" alt=\"\" title=\"Microsoft Remote Desktop\" srcset=\"https:\/\/rbtechnologysolutions.com.br\/wp-content\/uploads\/2023\/02\/Microsoft-Remote-Desktop.jpg 300w, https:\/\/rbtechnologysolutions.com.br\/wp-content\/uploads\/2023\/02\/Microsoft-Remote-Desktop-18x10.jpg 18w\" sizes=\"auto, (max-width: 300px) 100vw, 300px\" \/><\/div>\n\t\t<\/figure>\n\t<\/div>\n\n\t<div class=\"wpb_text_column wpb_content_element  text-t1\" >\n\t\t<div class=\"wpb_wrapper\">\n\t\t\t<p style=\"text-align: center;\">T\u00e3o simples quanto a do Google, a ferramenta Microsoft Remote Desktop \u2013 ou Conex\u00e3o de \u00c1rea de Servi\u00e7o Remota \u2013 j\u00e1 \u00e9 nativa no sistema operacional e tamb\u00e9m possui poucos recursos. E \u00e9 uma boa ferramenta para quem n\u00e3o deseja fazer a instala\u00e7\u00e3o de outros aplicativos em sua m\u00e1quina,<\/p>\n\n\t\t<\/div>\n\t<\/div>\n<div class=\"vc_btn3-container vc_btn3-center\" ><a class=\"vc_general vc_btn3 vc_btn3-size-md vc_btn3-shape-round vc_btn3-style-3d vc_btn3-color-primary\" href=\"https:\/\/apps.microsoft.com\/store\/detail\/%C3%A1rea-de-trabalho-remota-da-microsoft\/9WZDNCRFJ3PS?hl=pt-br&#038;gl=br\" title=\"Microsoft Remote Desktop\" target=\"_blank\">Download<\/a><\/div><div class=\"vc_empty_space\"   style=\"height: 25px\"><span class=\"vc_empty_space_inner\"><\/span><\/div><\/div><\/div><\/div><div class=\"wpb_column vc_column_container vc_col-sm-12 vc_row-69ea1c9e78e53\"><div class=\"vc_column-inner\"><div class=\"wpb_wrapper\"><div class=\"vc_empty_space\"   style=\"height: 50px\"><span class=\"vc_empty_space_inner\"><\/span><\/div><\/div><\/div><\/div><\/div>\n<\/section>","protected":false},"excerpt":{"rendered":"Precisando de Ajuda? Podemos resolver remotamente Suporte remoto para computadores, servidores ou dispositivo m\u00f3veis de n\u00edvel comercial e residencial a qualquer hora e lugar. Utilizado com sucesso por grandes empresas. O que \u00e9 acesso remoto? Acesso remoto \u00e9 a capacidade de um dispositivo conectar-se com outro \u00e0 dist\u00e2ncia, independentemente de sua localiza\u00e7\u00e3o f\u00edsica, seja ele [...]","protected":false},"author":1,"featured_media":1961,"parent":0,"menu_order":0,"comment_status":"closed","ping_status":"closed","template":"template-landing.php","meta":{"_acf_changed":false,"_joinchat":[],"footnotes":""},"class_list":["post-2789","page","type-page","status-publish","has-post-thumbnail","hentry"],"acf":[],"aioseo_notices":[],"_links":{"self":[{"href":"https:\/\/rbtechnologysolutions.com.br\/en\/wp-json\/wp\/v2\/pages\/2789","targetHints":{"allow":["GET"]}}],"collection":[{"href":"https:\/\/rbtechnologysolutions.com.br\/en\/wp-json\/wp\/v2\/pages"}],"about":[{"href":"https:\/\/rbtechnologysolutions.com.br\/en\/wp-json\/wp\/v2\/types\/page"}],"author":[{"embeddable":true,"href":"https:\/\/rbtechnologysolutions.com.br\/en\/wp-json\/wp\/v2\/users\/1"}],"replies":[{"embeddable":true,"href":"https:\/\/rbtechnologysolutions.com.br\/en\/wp-json\/wp\/v2\/comments?post=2789"}],"version-history":[{"count":4,"href":"https:\/\/rbtechnologysolutions.com.br\/en\/wp-json\/wp\/v2\/pages\/2789\/revisions"}],"predecessor-version":[{"id":3047,"href":"https:\/\/rbtechnologysolutions.com.br\/en\/wp-json\/wp\/v2\/pages\/2789\/revisions\/3047"}],"wp:featuredmedia":[{"embeddable":true,"href":"https:\/\/rbtechnologysolutions.com.br\/en\/wp-json\/wp\/v2\/media\/1961"}],"wp:attachment":[{"href":"https:\/\/rbtechnologysolutions.com.br\/en\/wp-json\/wp\/v2\/media?parent=2789"}],"curies":[{"name":"wp","href":"https:\/\/api.w.org\/{rel}","templated":true}]}}