{"id":575,"date":"2019-04-22T11:57:31","date_gmt":"2019-04-22T11:57:31","guid":{"rendered":"https:\/\/promo-theme.com\/mato\/?page_id=575"},"modified":"2023-08-23T00:57:59","modified_gmt":"2023-08-23T03:57:59","slug":"sobre-nos","status":"publish","type":"page","link":"https:\/\/rbtechnologysolutions.com.br\/en\/sobre-nos\/","title":{"rendered":"Sobre n\u00f3s"},"content":{"rendered":"<section class=\"wpb-content-wrapper\"><div data-vc-full-width=\"true\" data-vc-full-width-init=\"false\" data-vc-stretch-content=\"true\" class=\"vc_row wpb_row vc_row-fluid vc_row-5cda53519cfac vc_row-no-padding\"><div class=\"wpb_column vc_column_container vc_col-sm-12 vc_row-69ea441f3c190\"><div class=\"vc_column-inner\"><div class=\"wpb_wrapper\">    <section class=\"banner-area banner-area-5cda52fa5e0a5 banner-default\">\n            <div class=\"banner-item tac\" style=\"height: 380px;\">\n        \n    <div class=\"bg-overlay\">\n                        <div class=\"image\" data-parallax=\"true\" data-image-src=\"https:\/\/rbtechnologysolutions.com.br\/wp-content\/uploads\/2022\/08\/office-381228_1920.jpg\" data-position-y=\"center\" data-speed=\"0.8\"><\/div>\n                                <div class=\"color\"><\/div>\n          <\/div>\n\n            <div class=\"container\">\n          <div class=\"row align-items-center fixed-height\" style=\"height: 380px;\">\n            <div class=\"col\">\n                              <div class=\"heading-block tac\">\n                                      <div class=\"sub-h\">Nossa hist\u00f3ria nasceu do sonho<\/div>\n                                      <h1 class=\"h\"><span>Quem<\/span> Somos<\/h1>\n                                  <\/div>\n                          <\/div>\n          <\/div>\n        <\/div>\n      <\/div>\n    <\/section>\n    <\/div><\/div><\/div><\/div><div class=\"vc_row-full-width vc_clearfix\"><\/div><div class=\"vc_row wpb_row vc_row-fluid vc_custom_1558421890500 vc_row-5cc2de9e1c856\"><div class=\"wpb_animate_when_almost_visible wpb_fadeInLeft fadeInLeft wpb_column vc_column_container vc_col-sm-6 vc_row-5ce2704f46cd9\"><div class=\"vc_column-inner\"><div class=\"wpb_wrapper\"><div class=\"vc_empty_space\"   style=\"height: 50px\"><span class=\"vc_empty_space_inner\"><\/span><\/div>\n\t<div class=\"wpb_text_column wpb_content_element  text-t1\" >\n\t\t<div class=\"wpb_wrapper\">\n\t\t\t<p style=\"text-align: center;\">Somos especialistas em cria\u00e7\u00e3o de sites e solu\u00e7\u00f5es de <strong>infraestrutura de TI<\/strong> que proporcionam agilidade, desempenho e melhores resultados para empresas na era da transforma\u00e7\u00e3o digital.<br \/>\nIniciamos com <strong>Manuten\u00e7\u00e3o de Computadores e redes<\/strong>, em seguida entramos no mercado de <strong>Criando Sites e otimiza\u00e7\u00e3o para buscadores de pesquisa<\/strong> e dia apos dia a <strong>RB Technology Solutions<\/strong> vem amadurecendo e expandindo seu portf\u00f3lio de servi\u00e7os e recentemente decidimos tambem investir na \u00e1rea de VANT (Ve\u00edculos A\u00e9reos N\u00e3o Tripulados) foi ai que criamos a <strong><a href=\"https:\/\/voadrone.com.br\/\" target=\"_blank\" rel=\"noopener\">Voa Drone<\/a><\/strong> para atender tamb\u00e9m est\u00e1 crescente demanda.<\/p>\n\n\t\t<\/div>\n\t<\/div>\n<div class=\"vc_empty_space\"   style=\"height: 25px\"><span class=\"vc_empty_space_inner\"><\/span><\/div>\n\t<div class=\"wpb_text_column wpb_content_element  text-t1\" >\n\t\t<div class=\"wpb_wrapper\">\n\t\t\t<p style=\"text-align: center;\">N\u00f3s entendemos que a <strong>tecnologia<\/strong> n\u00e3o precisa ser cara, e todos devem ter acesso a ela por um <strong>pre\u00e7o justo<\/strong>. Por este motivo, nossas solu\u00e7\u00f5es t\u00eam o melhor custo-benef\u00edcio, trazendo mais funcionalidades nativas pelo menor custo sem abrir m\u00e3o da qualidade.<\/p>\n\n\t\t<\/div>\n\t<\/div>\n<div class=\"vc_empty_space\"   style=\"height: 50px\"><span class=\"vc_empty_space_inner\"><\/span><\/div><\/div><\/div><\/div><div class=\"wpb_animate_when_almost_visible wpb_fadeInRight fadeInRight wpb_column vc_column_container vc_col-sm-6 vc_row-5ce2705794257\"><div class=\"vc_column-inner\"><div class=\"wpb_wrapper\">    <section class=\"banner-area banner-area-62293304b0263 banner-style1 bsl-left swiper-container\">\n              <div class=\"mouse-button on-right\" data-magic-cursor=\"link-small\">\n                      <span>Scroll Down<\/span>\n                  <\/div>\n                        <div class=\"banner-social-links\">\n            <div class=\"social-links-with-label\"><a href=\"https:\/\/www.facebook.com\/rbtechnologysolutions\" target=\"_self\"><i class=\"fab fa-facebook-square\"><\/i><span>Facebook<\/span><\/a><a href=\"https:\/\/www.instagram.com\/rb.technologysolutions\/\" target=\"_self\"><i class=\"fab fa-instagram\"><\/i><span>Instagram<\/span><\/a><a href=\"https:\/\/www.google.com\/maps\/place\/RB+-+Technology+Solutions\/@-22.9240005,-47.061077,17z\/data=!3m1!4b1!4m6!3m5!1s0x94c8c931a0f2c6c5:0x4470dcfd3479420c!8m2!3d-22.9240005!4d-47.061077!16s%2Fg%2F11gg65dc6x?entry=ttu\" target=\"_self\"><i class=\"fab fa-google-plus-square\"><\/i><span>Google Plus<\/span><\/a><\/div>\n          <\/div>\n                    <div class=\"banner-slider swiper-wrapper full-height\" style=\"\">\n            <div class=\"swiper-slide\">\n      <div class=\"banner-item banner-item-6229331173dc9 tal\">\n        \n    <div class=\"bg-overlay\">\n                        <div class=\"image\" style=\"background-image: url(https:\/\/rbtechnologysolutions.com.br\/wp-content\/uploads\/2022\/08\/65-scaled.jpg)\"><\/div>\n                            <\/div>\n\n            <div class=\"container\">\n          <div class=\"row full-height align-items-center\" style=\"\">\n            <div class=\"col\">\n                          <\/div>\n          <\/div>\n        <\/div>\n      <\/div>\n    <\/div>\n        <div class=\"swiper-slide\">\n      <div class=\"banner-item banner-item-622935e7e50c4 tal\">\n        \n    <div class=\"bg-overlay\">\n                        <div class=\"image\" style=\"background-image: url(https:\/\/rbtechnologysolutions.com.br\/wp-content\/uploads\/2022\/08\/76.jpg)\"><\/div>\n                            <\/div>\n\n            <div class=\"container\">\n          <div class=\"row full-height align-items-center\" style=\"\">\n            <div class=\"col\">\n                          <\/div>\n          <\/div>\n        <\/div>\n      <\/div>\n    <\/div>\n        <div class=\"swiper-slide\">\n      <div class=\"banner-item banner-item-62293322bbfeb tal\">\n        \n    <div class=\"bg-overlay\">\n                        <div class=\"image\" style=\"background-image: url(https:\/\/rbtechnologysolutions.com.br\/wp-content\/uploads\/2022\/08\/29.jpg)\"><\/div>\n                            <\/div>\n\n            <div class=\"container\">\n          <div class=\"row full-height align-items-center\" style=\"\">\n            <div class=\"col\">\n                          <\/div>\n          <\/div>\n        <\/div>\n      <\/div>\n    <\/div>\n        <div class=\"swiper-slide\">\n      <div class=\"banner-item banner-item-6303a77ef1f89 tal\">\n        \n    <div class=\"bg-overlay\">\n                        <div class=\"image\" style=\"background-image: url(https:\/\/rbtechnologysolutions.com.br\/wp-content\/uploads\/2022\/08\/digital-marketing-1725340_1920.jpg)\"><\/div>\n                            <\/div>\n\n            <div class=\"container\">\n          <div class=\"row full-height align-items-center\" style=\"\">\n            <div class=\"col\">\n                          <\/div>\n          <\/div>\n        <\/div>\n      <\/div>\n    <\/div>\n          <\/div>\n    <\/section>\n\n    <\/div><\/div><\/div><\/div><div class=\"vc_row wpb_row vc_row-fluid vc_custom_1557812559137 vc_row-5cda544e1b3f8 vc_row-o-equal-height vc_row-flex\"><div class=\"wpb_column vc_column_container vc_col-sm-12 vc_row-69ea441f3d051\"><div class=\"vc_column-inner\"><div class=\"wpb_wrapper\"><div class=\"vc_empty_space\"   style=\"height: 50px\"><span class=\"vc_empty_space_inner\"><\/span><\/div><\/div><\/div><\/div><div class=\"wpb_animate_when_almost_visible wpb_fadeInLeft fadeInLeft wpb_column vc_column_container vc_col-sm-6 vc_row-631f454a50597\"><div class=\"vc_column-inner\"><div class=\"wpb_wrapper\"><div class=\"vc_empty_space\"   style=\"height: 25px\"><span class=\"vc_empty_space_inner\"><\/span><\/div>      <div class=\"heading-block heading-5cc14023875a0 tal h-h2 with-dots mode-overlay\">\n                  <h2 class=\"h\">Anos de<br \/>\nde <span>Experiencia no mercado<\/span><\/h2>\n              <\/div>\n        <div class=\"number-block number-block-5cc140ad9607c\"><span>15<\/span><\/div>\n    <\/div><\/div><\/div><div class=\"wpb_animate_when_almost_visible wpb_fadeInRight fadeInRight wpb_column vc_column_container vc_col-sm-6 vc_row-631f4552be6ba\"><div class=\"vc_column-inner\"><div class=\"wpb_wrapper\">      <div class=\"heading-block heading-5cc140ca2fef5 tal h-h5 type-accent\">\n                  <h5 class=\"h\">A quest\u00e3o principal \u00e9 que <span>n\u00f3s fizemos isso antes<\/span> - muitas vezes e com muito sucesso.<\/h5>\n              <\/div>\n    \n\t<div class=\"wpb_text_column wpb_content_element  text-t1\" >\n\t\t<div class=\"wpb_wrapper\">\n\t\t\t<p style=\"text-align: center;\">Buscamos fidelizar nossos clientes por meio do atendimento de contratos de suporte, o que nos permite compreender melhor as demandas individuais de cada caso, e assim providenciar um atendimento \u00e1gil e seguro. Estamos sempre nos atualizando, participando de grupos e f\u00f3runs de discuss\u00f5es, buscando novas informa\u00e7\u00f5es em tudo que \u00e9 relacionado aos nossos servi\u00e7os e procuramos sempre seguir as tend\u00eancias do que h\u00e1 de melhor para a sua empresa. Nosso trabalho tem ajudado as empresas a terem mais acessos, aumentar as vendas, obter mais resultados e converter mais usu\u00e1rios em clientes.<br \/>\nAo procurar um servi\u00e7o ou produto, a primeira a\u00e7\u00e3o de qualquer pessoa \u00e9 realizar uma <strong>busca na Rede<\/strong>, cerca de 90% das situa\u00e7\u00f5es resolvemos antes mesmo do usu\u00e1rio saber que estava com algum <strong>problema em seu equipamento<\/strong>!<\/p>\n\n\t\t<\/div>\n\t<\/div>\n<\/div><\/div><\/div><div class=\"wpb_animate_when_almost_visible wpb_fadeInUp fadeInUp wpb_column vc_column_container vc_col-sm-12 vc_row-631f4566482e5\"><div class=\"vc_column-inner\"><div class=\"wpb_wrapper\"><div class=\"vc_empty_space\"   style=\"height: 50px\"><span class=\"vc_empty_space_inner\"><\/span><\/div>    <div class=\"skills-block skills-block-5cc2ddf0623ea row\">\n                <div class=\"skill-circle skills-item-5cc2ddfd8a187  col-12 col-sm-12 col-md-3 col-lg-3 col-xl-3  wpb_animate_when_almost_visible wpb_fadeInLeft fadeInLeft\">\n        <div class=\"circle\" data-value=\"0.100\" data-size=\"125\">\n          <div class=\"rate\">100%<\/div>\n        <\/div>\n                  <h5 class=\"h\">Pontualidade na Entrega<\/h5>\n              <\/div>\n              <div class=\"skill-circle skills-item-5cc2de55d29bc  col-12 col-sm-12 col-md-3 col-lg-3 col-xl-3  wpb_animate_when_almost_visible wpb_fadeInUp fadeInUp\">\n        <div class=\"circle\" data-value=\"0.100\" data-size=\"125\">\n          <div class=\"rate\">100%<\/div>\n        <\/div>\n                  <h5 class=\"h\">Transpar\u00eancia<\/h5>\n              <\/div>\n              <div class=\"skill-circle skills-item-5cc2de687c224  col-12 col-sm-12 col-md-3 col-lg-3 col-xl-3  wpb_animate_when_almost_visible wpb_fadeInUp fadeInUp\">\n        <div class=\"circle\" data-value=\"0.100\" data-size=\"125\">\n          <div class=\"rate\">100%<\/div>\n        <\/div>\n                  <h5 class=\"h\">Satista\u00e7\u00e3o com o Cliente<\/h5>\n              <\/div>\n              <div class=\"skill-circle skills-item-62295c6455f0d  col-12 col-sm-12 col-md-3 col-lg-3 col-xl-3  wpb_animate_when_almost_visible wpb_fadeInRight fadeInRight\">\n        <div class=\"circle\" data-value=\"0.100\" data-size=\"125\">\n          <div class=\"rate\">100%<\/div>\n        <\/div>\n                  <h5 class=\"h\">Qualidade<\/h5>\n              <\/div>\n        <\/div>\n    <\/div><\/div><\/div><\/div><div data-vc-full-width=\"true\" data-vc-full-width-init=\"false\" class=\"vc_row wpb_row vc_row-fluid vc_custom_1660792338263 vc_row-5cd122168957c vc_column-gap-10\">\n    <div class=\"bg-overlay half\">\n          <\/div>\n\n    <div class=\"wpb_animate_when_almost_visible wpb_fadeInUp fadeInUp wpb_column vc_column_container vc_col-sm-12 vc_row-62fda9a812763 vc_col-has-fill\"><div class=\"vc_column-inner vc_custom_1662993783308\"><div class=\"wpb_wrapper\"><div class=\"vc_empty_space\"   style=\"height: 50px\"><span class=\"vc_empty_space_inner\"><\/span><\/div>      <div class=\"heading-block heading-5cd1147859aa1 tac h-h5 with-bottom-line\">\n                  <div class=\"sub-h\">N\u00e3o deixe seu neg\u00f3cio parar por falta de Suporte T\u00e9cnico<\/div>\n                  <h5 class=\"h\">O que nos diferencia da concorr\u00eancia \u00e9 que somos apaixonados pelos produtos e servi\u00e7os que oferecemos, al\u00e9m da qualidade do nosso suporte.<\/h5>\n              <\/div>\n    <div class=\"vc_empty_space\"   style=\"height: 25px\"><span class=\"vc_empty_space_inner\"><\/span><\/div>    <div class=\"icon-box-block icon-box-block-62fda7f342165 row\">\n          <div class=\"col-12 col-sm-12 col-md-4 col-lg-3 col-xl-3\">\n      <div class=\"icon-box icon-box-style1\">\n                  <i class=\"cinema-elements-puppet-show\"><\/i>\n                <div class=\"content\">\n                      <div class=\"desc\">Equipe formada por profissionais altamente qualificados e comprometidos em trazer resultado e o sucesso esperado para os seus clientes.<\/div>\n                  <\/div>\n      <\/div>\n    <\/div>\n        <div class=\"col-12 col-sm-12 col-md-4 col-lg-3 col-xl-3\">\n      <div class=\"icon-box icon-box-style1\">\n                  <i class=\"base-icon-like\"><\/i>\n                <div class=\"content\">\n                      <div class=\"desc\">Nossos projetos s\u00e3o personalizados, respeitam as caracter\u00edsticas de cada neg\u00f3cio, mas principalmente, das pessoas que est\u00e3o \u00e0 frente das empresas.<\/div>\n                  <\/div>\n      <\/div>\n    <\/div>\n        <div class=\"col-12 col-sm-12 col-md-4 col-lg-3 col-xl-3\">\n      <div class=\"icon-box icon-box-style1\">\n                  <i class=\"base-icon-pie-chart\"><\/i>\n                <div class=\"content\">\n                      <div class=\"desc\">Oferecemos um atendimento r\u00e1pido atrav\u00e9s de meios que possibilitem a solu\u00e7\u00e3o de problemas o mais breve poss\u00edvel, trazendo assim resultados satisfat\u00f3rios.<\/div>\n                  <\/div>\n      <\/div>\n    <\/div>\n        <div class=\"col-12 col-sm-12 col-md-4 col-lg-3 col-xl-3\">\n      <div class=\"icon-box icon-box-style1\">\n                  <i class=\"base-icon-settings\"><\/i>\n                <div class=\"content\">\n                      <div class=\"desc\">Estamos sempre procurando melhorar e conquistando a reputa\u00e7\u00e3o de empresa s\u00e9ria, obtendo grande parte dos nossos clientes provenientes de indica\u00e7\u00f5es.<\/div>\n                  <\/div>\n      <\/div>\n    <\/div>\n        <\/div>\n    <div class=\"vc_empty_space\"   style=\"height: 50px\"><span class=\"vc_empty_space_inner\"><\/span><\/div><\/div><\/div><\/div><\/div><div class=\"vc_row-full-width vc_clearfix\"><\/div><div class=\"vc_row wpb_row vc_row-fluid vc_custom_1558423393377 vc_row-5cda4ee30db7a vc_column-gap-30 vc_row-o-equal-height vc_row-flex\"><div class=\"wpb_animate_when_almost_visible wpb_flipInX flipInX wpb_column vc_column_container vc_col-sm-12 vc_row-631f4581bd4ae\"><div class=\"vc_column-inner\"><div class=\"wpb_wrapper\">      <div class=\"heading-block heading-5cda4d464f2b7 tac h-h5 with-bottom-line vc_custom_1671665158532\">\n                  <h5 class=\"h\">Garantir uma infraestrutura de qualidade \u00e9 etapa essencial para que os processos da gest\u00e3o de TI funcionem de maneira eficiente e objetiva.<\/h5>\n              <\/div>\n    <\/div><\/div><\/div><div class=\"side-img wpb_animate_when_almost_visible wpb_fadeInLeft fadeInLeft wpb_column vc_column_container vc_col-sm-6 vc_row-5cda4dda9899d vc_col-has-fill\"><div class=\"vc_column-inner vc_custom_1662993810034\"><div class=\"wpb_wrapper\">      <div class=\"heading-block heading-5cd030d83dcff tal h-h4 mode-overlay\">\n                  <h4 class=\"h\">Atendemos sua empresa,<br \/>\nsuas filiais e seus <span>colaboradores<\/span><br \/>\nonde estiverem.<\/h4>\n              <\/div>\n    <\/div><\/div><\/div><div class=\"wpb_animate_when_almost_visible wpb_fadeInRight fadeInRight wpb_column vc_column_container vc_col-sm-6 vc_row-631f459561333\"><div class=\"vc_column-inner\"><div class=\"wpb_wrapper\">    <div class=\"tabs-block tabs-block-5cd032c6c81cd horizontal\">\r\n      <div class=\"tb-buttons\">\r\n                  <div class=\"button\" data-magic-cursor=\"link-small\" data-title=\"Miss\u00e3o\"><span>Miss\u00e3o<\/span><\/div>\r\n                  <div class=\"button\" data-magic-cursor=\"link-small\" data-title=\"Vis\u00e3o\"><span>Vis\u00e3o<\/span><\/div>\r\n                  <div class=\"button\" data-magic-cursor=\"link-small\" data-title=\"Valores\"><span>Valores<\/span><\/div>\r\n              <\/div>\r\n      <div class=\"tb-wrap\">\r\n            <div class=\"wrap\">\r\n      <div class=\"tb-m-button\"><span>Miss\u00e3o<\/span><\/div>\r\n      <div class=\"wrap-inner\">\r\n        <div class=\"inner-content\">\r\n                <div class=\"heading-block heading-5cd032dd0c0ce tac h-h5 type-accent\">\n                  <h5 class=\"h\">Nossa <span>Miss\u00e3o<\/span><\/h5>\n              <\/div>\n    \n\t<div class=\"wpb_text_column wpb_content_element  text-t1\" >\n\t\t<div class=\"wpb_wrapper\">\n\t\t\t<p style=\"text-align: center;\">Oferecer servi\u00e7os de qualidade em todo o Brasil respeitando as \u00e0s leis vigentes, oferecendo um atendimento de qualidade e diferenciado.<\/p>\n\n\t\t<\/div>\n\t<\/div>\n        <\/div>\r\n      <\/div>\r\n    <\/div>\r\n        <div class=\"wrap\">\r\n      <div class=\"tb-m-button\"><span>Vis\u00e3o<\/span><\/div>\r\n      <div class=\"wrap-inner\">\r\n        <div class=\"inner-content\">\r\n                <div class=\"heading-block heading-62296240d78ad tac h-h5 type-accent\">\n                  <h5 class=\"h\">Nossa <span>Vis\u00e3o<\/span><\/h5>\n              <\/div>\n    \n\t<div class=\"wpb_text_column wpb_content_element  text-t1\" >\n\t\t<div class=\"wpb_wrapper\">\n\t\t\t<p style=\"text-align: center;\">Ser refer\u00eancia no <strong>mercado de T.I<\/strong> atuando como a mais completa empresa especializada apresentando Solu\u00e7\u00f5es para o desenvolvimento e melhoria da rentabilidade dos nossos clientes<\/p>\n\n\t\t<\/div>\n\t<\/div>\n        <\/div>\r\n      <\/div>\r\n    <\/div>\r\n        <div class=\"wrap\">\r\n      <div class=\"tb-m-button\"><span>Valores<\/span><\/div>\r\n      <div class=\"wrap-inner\">\r\n        <div class=\"inner-content\">\r\n                <div class=\"heading-block heading-6229625492f81 tac h-h5 type-accent\">\n                  <h5 class=\"h\">Nossos <span>Valores<\/span><\/h5>\n              <\/div>\n    \n\t<div class=\"wpb_text_column wpb_content_element  text-t1\" >\n\t\t<div class=\"wpb_wrapper\">\n\t\t\t<p style=\"text-align: center;\">Satisfa\u00e7\u00e3o do Cliente, Transpar\u00eancia, Qualidade e Pre\u00e7o Justo cumprindo a lei e priorizando sempre a Seguran\u00e7a e o bem estar de todos, a qualidade e a confiabilidade.<\/p>\n\n\t\t<\/div>\n\t<\/div>\n        <\/div>\r\n      <\/div>\r\n    <\/div>\r\n          <\/div>\r\n    <\/div>\r\n    <\/div><\/div><\/div><\/div><div class=\"vc_row wpb_row vc_row-fluid vc_row-69ea441f3ddbd\"><div class=\"wpb_column vc_column_container vc_col-sm-12 vc_row-69ea441f3de52\"><div class=\"vc_column-inner\"><div class=\"wpb_wrapper\"><div class=\"vc_empty_space\"   style=\"height: 50px\"><span class=\"vc_empty_space_inner\"><\/span><\/div><\/div><\/div><\/div><\/div>\n<\/section>","protected":false},"excerpt":{"rendered":"Nossa hist\u00f3ria nasceu do sonho Quem Somos Somos especialistas em cria\u00e7\u00e3o de sites e solu\u00e7\u00f5es de infraestrutura de TI que proporcionam agilidade, desempenho e melhores resultados para empresas na era da transforma\u00e7\u00e3o digital. Iniciamos com Manuten\u00e7\u00e3o de Computadores e redes, em seguida entramos no mercado de Criando Sites e otimiza\u00e7\u00e3o para buscadores de pesquisa e [...]","protected":false},"author":1,"featured_media":1428,"parent":0,"menu_order":0,"comment_status":"closed","ping_status":"closed","template":"template-landing.php","meta":{"_acf_changed":false,"_joinchat":[],"footnotes":""},"class_list":["post-575","page","type-page","status-publish","has-post-thumbnail","hentry"],"acf":[],"aioseo_notices":[],"_links":{"self":[{"href":"https:\/\/rbtechnologysolutions.com.br\/en\/wp-json\/wp\/v2\/pages\/575","targetHints":{"allow":["GET"]}}],"collection":[{"href":"https:\/\/rbtechnologysolutions.com.br\/en\/wp-json\/wp\/v2\/pages"}],"about":[{"href":"https:\/\/rbtechnologysolutions.com.br\/en\/wp-json\/wp\/v2\/types\/page"}],"author":[{"embeddable":true,"href":"https:\/\/rbtechnologysolutions.com.br\/en\/wp-json\/wp\/v2\/users\/1"}],"replies":[{"embeddable":true,"href":"https:\/\/rbtechnologysolutions.com.br\/en\/wp-json\/wp\/v2\/comments?post=575"}],"version-history":[{"count":4,"href":"https:\/\/rbtechnologysolutions.com.br\/en\/wp-json\/wp\/v2\/pages\/575\/revisions"}],"predecessor-version":[{"id":3037,"href":"https:\/\/rbtechnologysolutions.com.br\/en\/wp-json\/wp\/v2\/pages\/575\/revisions\/3037"}],"wp:featuredmedia":[{"embeddable":true,"href":"https:\/\/rbtechnologysolutions.com.br\/en\/wp-json\/wp\/v2\/media\/1428"}],"wp:attachment":[{"href":"https:\/\/rbtechnologysolutions.com.br\/en\/wp-json\/wp\/v2\/media?parent=575"}],"curies":[{"name":"wp","href":"https:\/\/api.w.org\/{rel}","templated":true}]}}