{"id":579,"date":"2019-04-22T11:58:21","date_gmt":"2019-04-22T11:58:21","guid":{"rendered":"https:\/\/promo-theme.com\/mato\/?page_id=579"},"modified":"2023-05-30T00:25:18","modified_gmt":"2023-05-30T03:25:18","slug":"blog","status":"publish","type":"page","link":"https:\/\/rbtechnologysolutions.com.br\/en\/blog\/","title":{"rendered":"Blog"},"content":{"rendered":"<section class=\"wpb-content-wrapper\"><div data-vc-full-width=\"true\" data-vc-full-width-init=\"false\" data-vc-stretch-content=\"true\" class=\"vc_row wpb_row vc_row-fluid vc_row-5cda53519cfac vc_row-no-padding\"><div class=\"wpb_column vc_column_container vc_col-sm-12 vc_row-69f361a89d5ae\"><div class=\"vc_column-inner\"><div class=\"wpb_wrapper\">    <section class=\"banner-area banner-area-5cda52fa5e0a5 banner-default\">\n            <div class=\"banner-item tac\" style=\"height: 380px;\">\n        \n    <div class=\"bg-overlay\">\n                        <div class=\"image\" data-parallax=\"true\" data-image-src=\"https:\/\/rbtechnologysolutions.com.br\/wp-content\/uploads\/2022\/08\/office-381228_1920.jpg\" data-position-y=\"center\" data-speed=\"0.8\"><\/div>\n                                <div class=\"color\"><\/div>\n          <\/div>\n\n            <div class=\"container\">\n          <div class=\"row align-items-center fixed-height\" style=\"height: 380px;\">\n            <div class=\"col\">\n                              <div class=\"heading-block tac\">\n                                      <h1 class=\"h\"><span>Bl<\/span>og<\/h1>\n                                  <\/div>\n                          <\/div>\n          <\/div>\n        <\/div>\n      <\/div>\n    <\/section>\n    <\/div><\/div><\/div><\/div><div class=\"vc_row-full-width vc_clearfix\"><\/div><div class=\"vc_row wpb_row vc_row-fluid vc_row-69f361a89d896\"><div class=\"wpb_column vc_column_container vc_col-sm-12 vc_row-69f361a89d954\"><div class=\"vc_column-inner\"><div class=\"wpb_wrapper\"><div class=\"vc_empty_space\"   style=\"height: 25px\"><span class=\"vc_empty_space_inner\"><\/span><\/div>      <div class=\"blog-block filter-block blog-5cda9e4ca6ca4\">\n                <div class=\"blog-items row isotope blog-grid load-wrap\">\n                      <div class=\"grid-sizer col-1\"><\/div>\n                                  <article class=\"blog-item  col-12 col-sm-6 col-md-4 col-lg-4 col-xl-4 category-melhorar-meu-site category-presenca-na-web category-website\">\n              <div class=\"wrap  wpb_animate_when_almost_visible wpb_fadeInUp fadeInUp\">\n                                  <div class=\"a-img\">\n                                          <div style=\"background-image: url(https:\/\/rbtechnologysolutions.com.br\/wp-content\/uploads\/2018\/02\/PRESENCA-NA-WEB.png)\"><\/div>\n                                        <a href=\"https:\/\/rbtechnologysolutions.com.br\/en\/5-dicas-para-melhorar-sua-presenca-na-web\/\" data-magic-cursor=\"link-w-text\" data-magic-cursor-text=\"View\"><\/a>\n                  <\/div>\n                                <div class=\"content\">\n                                      <h5 class=\"title\"><a href=\"https:\/\/rbtechnologysolutions.com.br\/en\/5-dicas-para-melhorar-sua-presenca-na-web\/\">5 Dicas para melhorar sua presen\u00e7a na WEB<\/a><\/h5>\n                                      <div class=\"desc\">\nComo est\u00e1 a\u00a0presen\u00e7a da sua empresa na\u00a0Web?\nA internet \u00e9 um campo com enorme potencial para as marcas trabalharem alguns aspectos do seu mark...<\/div>\n                                      <a class=\"button-style1\" href=\"https:\/\/rbtechnologysolutions.com.br\/en\/5-dicas-para-melhorar-sua-presenca-na-web\/\"><span>Read More<\/span><\/a>\n                                  <\/div>\n              <\/div>\n            <\/article>\n                                  <article class=\"blog-item  col-12 col-sm-6 col-md-4 col-lg-4 col-xl-4 category-melhorar-meu-site category-otimizacao-de-sites category-primeira-pagina-do-google category-seo category-website\">\n              <div class=\"wrap  wpb_animate_when_almost_visible wpb_fadeInUp fadeInUp\">\n                                  <div class=\"a-img\">\n                                          <div style=\"background-image: url(https:\/\/rbtechnologysolutions.com.br\/wp-content\/uploads\/2018\/02\/Primeira-pagina-do-Google.png)\"><\/div>\n                                        <a href=\"https:\/\/rbtechnologysolutions.com.br\/en\/5-dicas-para-aparecer-na-primeira-pagina-do-google-sem-pagar\/\" data-magic-cursor=\"link-w-text\" data-magic-cursor-text=\"View\"><\/a>\n                  <\/div>\n                                <div class=\"content\">\n                                      <h5 class=\"title\"><a href=\"https:\/\/rbtechnologysolutions.com.br\/en\/5-dicas-para-aparecer-na-primeira-pagina-do-google-sem-pagar\/\">5 Dicas para aparecer na primeira p\u00e1gina do Google sem pagar<\/a><\/h5>\n                                      <div class=\"desc\">Como aparecer na primeira p\u00e1gina do Google sem pagar?\n\nQuer aparecer na primeira p\u00e1gina do Google? A resposta \u00e9 extremamente simples: fa\u00e7a com...<\/div>\n                                      <a class=\"button-style1\" href=\"https:\/\/rbtechnologysolutions.com.br\/en\/5-dicas-para-aparecer-na-primeira-pagina-do-google-sem-pagar\/\"><span>Read More<\/span><\/a>\n                                  <\/div>\n              <\/div>\n            <\/article>\n                                  <article class=\"blog-item  col-12 col-sm-6 col-md-4 col-lg-4 col-xl-4 category-criacao-de-sites\">\n              <div class=\"wrap  wpb_animate_when_almost_visible wpb_fadeInUp fadeInUp\">\n                                  <div class=\"a-img\">\n                                          <div style=\"background-image: url(https:\/\/rbtechnologysolutions.com.br\/wp-content\/uploads\/2018\/02\/03-1024x683.jpg)\"><\/div>\n                                        <a href=\"https:\/\/rbtechnologysolutions.com.br\/en\/marque-presenca-na-web\/\" data-magic-cursor=\"link-w-text\" data-magic-cursor-text=\"View\"><\/a>\n                  <\/div>\n                                <div class=\"content\">\n                                      <h5 class=\"title\"><a href=\"https:\/\/rbtechnologysolutions.com.br\/en\/marque-presenca-na-web\/\">Marque presen\u00e7a na Web<\/a><\/h5>\n                                      <div class=\"desc\">Ao procurar um servi\u00e7o ou produto, a primeira a\u00e7\u00e3o de qualquer pessoa \u00e9 realizar uma busca na Rede.\nSe sua empresa n\u00e3o estiver l\u00e1, seu concorr...<\/div>\n                                      <a class=\"button-style1\" href=\"https:\/\/rbtechnologysolutions.com.br\/en\/marque-presenca-na-web\/\"><span>Read More<\/span><\/a>\n                                  <\/div>\n              <\/div>\n            <\/article>\n                  <\/div>\n                  <div class=\"loadmore-button-block\"><a class=\"loadmore-button\" href=\"#\" data-wrap=\".blog-5cda9e4ca6ca4 .load-wrap\" data-action=\"blog\" data-max=\"16\" data-start-page=\"1\" data-next-link=\"https:\/\/rbtechnologysolutions.com.br\/en\/wp-json\/wp\/v2\/pages\/579\/page\/2\/\"><span>load more<\/span><\/a><\/div>\n              <\/div>\n      <div class=\"vc_empty_space\"   style=\"height: 25px\"><span class=\"vc_empty_space_inner\"><\/span><\/div><\/div><\/div><\/div><\/div>\n<\/section>","protected":false},"excerpt":{"rendered":"Ao procurar um servi\u00e7o ou produto, a primeira a\u00e7\u00e3o de qualquer pessoa \u00e9 realizar uma busca na Rede. Se sua empresa n\u00e3o estiver l\u00e1, seu concorrente certamente estar\u00e1. Nosso trabalho tem ajudado as empresas a terem mais acessos, aumentar as vendas, obter mais resultados e converter mais usu\u00e1rios em clientes. Nosso design responsivo vai garantir [...]","protected":false},"author":1,"featured_media":0,"parent":0,"menu_order":0,"comment_status":"closed","ping_status":"closed","template":"template-landing.php","meta":{"_acf_changed":false,"_joinchat":[],"footnotes":""},"class_list":["post-579","page","type-page","status-publish","hentry"],"acf":[],"aioseo_notices":[],"_links":{"self":[{"href":"https:\/\/rbtechnologysolutions.com.br\/en\/wp-json\/wp\/v2\/pages\/579","targetHints":{"allow":["GET"]}}],"collection":[{"href":"https:\/\/rbtechnologysolutions.com.br\/en\/wp-json\/wp\/v2\/pages"}],"about":[{"href":"https:\/\/rbtechnologysolutions.com.br\/en\/wp-json\/wp\/v2\/types\/page"}],"author":[{"embeddable":true,"href":"https:\/\/rbtechnologysolutions.com.br\/en\/wp-json\/wp\/v2\/users\/1"}],"replies":[{"embeddable":true,"href":"https:\/\/rbtechnologysolutions.com.br\/en\/wp-json\/wp\/v2\/comments?post=579"}],"version-history":[{"count":2,"href":"https:\/\/rbtechnologysolutions.com.br\/en\/wp-json\/wp\/v2\/pages\/579\/revisions"}],"predecessor-version":[{"id":2911,"href":"https:\/\/rbtechnologysolutions.com.br\/en\/wp-json\/wp\/v2\/pages\/579\/revisions\/2911"}],"wp:attachment":[{"href":"https:\/\/rbtechnologysolutions.com.br\/en\/wp-json\/wp\/v2\/media?parent=579"}],"curies":[{"name":"wp","href":"https:\/\/api.w.org\/{rel}","templated":true}]}}