{"id":590,"date":"2019-04-22T11:59:38","date_gmt":"2019-04-22T11:59:38","guid":{"rendered":"https:\/\/promo-theme.com\/mato\/?page_id=590"},"modified":"2023-04-18T14:38:28","modified_gmt":"2023-04-18T17:38:28","slug":"manutencao-de-impressoras","status":"publish","type":"page","link":"https:\/\/rbtechnologysolutions.com.br\/en\/manutencao-de-impressoras\/","title":{"rendered":"Manuten\u00e7\u00e3o de Impressoras"},"content":{"rendered":"<section class=\"wpb-content-wrapper\"><div data-vc-full-width=\"true\" data-vc-full-width-init=\"false\" data-vc-stretch-content=\"true\" class=\"vc_row wpb_row vc_row-fluid vc_row-5cda53519cfac vc_row-no-padding\"><div class=\"wpb_column vc_column_container vc_col-sm-12 vc_row-69ea18df623a6\"><div class=\"vc_column-inner\"><div class=\"wpb_wrapper\">    <section class=\"banner-area banner-area-5cda52fa5e0a5 banner-default\">\n            <div class=\"banner-item tac\" style=\"height: 380px;\">\n        \n    <div class=\"bg-overlay\">\n                        <div class=\"image\" data-parallax=\"true\" data-image-src=\"https:\/\/rbtechnologysolutions.com.br\/wp-content\/uploads\/2022\/08\/office-381228_1920.jpg\" data-position-y=\"center\" data-speed=\"0.8\"><\/div>\n                                <div class=\"color\"><\/div>\n          <\/div>\n\n            <div class=\"container\">\n          <div class=\"row align-items-center fixed-height\" style=\"height: 380px;\">\n            <div class=\"col\">\n                              <div class=\"heading-block tac\">\n                                      <div class=\"sub-h\">Problemas com a Impressora?<\/div>\n                                      <h1 class=\"h\"><span>N\u00f3s temos<\/span> a solu\u00e7\u00e3o.<\/h1>\n                                  <\/div>\n                          <\/div>\n          <\/div>\n        <\/div>\n      <\/div>\n    <\/section>\n    <\/div><\/div><\/div><\/div><div class=\"vc_row-full-width vc_clearfix\"><\/div><div class=\"vc_row wpb_row vc_row-fluid vc_custom_1558423393377 vc_row-69ea18df62688 vc_column-gap-30 vc_row-o-equal-height vc_row-flex\"><div class=\"wpb_animate_when_almost_visible wpb_fadeInUp fadeInUp wpb_column vc_column_container vc_col-sm-12 vc_row-631f48558a90c\"><div class=\"vc_column-inner\"><div class=\"wpb_wrapper\">      <div class=\"heading-block heading-63038c83c3924 tac h-h5 with-bottom-line vc_custom_1671665895831\">\n                  <div class=\"sub-h\">Profissionais capacitados<\/div>\n                  <h5 class=\"h\">Prontos para resolver seu problema.<\/h5>\n              <\/div>\n    \n\t<div class=\"wpb_text_column wpb_content_element\" >\n\t\t<div class=\"wpb_wrapper\">\n\t\t\t<p style=\"text-align: center;\"><span style=\"font-size: 14pt;\"><strong>A Maioria das pessoas s\u00f3 percebe que coisa m\u00e1gica \u00e9 a impressora, quando ela p\u00e1ra de funcionar de repente!<\/strong><\/span><\/p>\n\n\t\t<\/div>\n\t<\/div>\n<\/div><\/div><\/div><div class=\"wpb_animate_when_almost_visible wpb_fadeInLeft fadeInLeft wpb_column vc_column_container vc_col-sm-6 vc_row-631f485bfeb62\"><div class=\"vc_column-inner\"><div class=\"wpb_wrapper\"><div class=\"vc_empty_space\"   style=\"height: 25px\"><span class=\"vc_empty_space_inner\"><\/span><\/div>\n\t<div class=\"wpb_text_column wpb_content_element\" >\n\t\t<div class=\"wpb_wrapper\">\n\t\t\t<ul>\n<li>Sua impressora sofre um desgaste natural pelo uso. A manuten\u00e7\u00e3o peri\u00f3dica de seu aparelho \u00e9 uma medida econ\u00f4mica que pode salvar suas pe\u00e7as e poupar custos, a verifica\u00e7\u00e3o peri\u00f3dica do funcionamento dos equipamentos \u00e9 aconselh\u00e1vel para se antecipar a eventuais problemas que possam causar esfor\u00e7os e gastos maiores do corpo f\u00edsico do mesmo, assim evitando a manuten\u00e7\u00e3o corretiva e custos elevados.<\/li>\n<li>Manuten\u00e7\u00e3o preventiva costuma ser mais economica que o reparo do aparelho, Com o passar do tempo de uma utiliza\u00e7\u00e3o normal de impressoras, \u00e9 comum que os equipamentos apresentem falhas na impress\u00e3o e barulhos. No entanto, se n\u00e3o ocorre a manuten\u00e7\u00e3o t\u00e9cnica, os problemas acabam agravando e resultando em preju\u00edzo, especialmente financeiro<\/li>\n<\/ul>\n\n\t\t<\/div>\n\t<\/div>\n<\/div><\/div><\/div><div class=\"wpb_animate_when_almost_visible wpb_fadeInRight fadeInRight wpb_column vc_column_container vc_col-sm-6 vc_row-631f48672e3b4\"><div class=\"vc_column-inner\"><div class=\"wpb_wrapper\"><div class=\"vc_empty_space\"   style=\"height: 50px\"><span class=\"vc_empty_space_inner\"><\/span><\/div>\n\t<div  class=\"wpb_single_image wpb_content_element vc_align_center\">\n\t\t\n\t\t<figure class=\"wpb_wrapper vc_figure\">\n\t\t\t<div class=\"vc_single_image-wrapper   vc_box_border_grey\"><img loading=\"lazy\" decoding=\"async\" width=\"1920\" height=\"1280\" src=\"https:\/\/rbtechnologysolutions.com.br\/wp-content\/uploads\/2022\/08\/025.jpg\" class=\"vc_single_image-img attachment-full\" alt=\"\" title=\"025\" srcset=\"https:\/\/rbtechnologysolutions.com.br\/wp-content\/uploads\/2022\/08\/025.jpg 1920w, https:\/\/rbtechnologysolutions.com.br\/wp-content\/uploads\/2022\/08\/025-300x200.jpg 300w, https:\/\/rbtechnologysolutions.com.br\/wp-content\/uploads\/2022\/08\/025-1024x683.jpg 1024w, https:\/\/rbtechnologysolutions.com.br\/wp-content\/uploads\/2022\/08\/025-768x512.jpg 768w, https:\/\/rbtechnologysolutions.com.br\/wp-content\/uploads\/2022\/08\/025-1536x1024.jpg 1536w\" sizes=\"auto, (max-width: 1920px) 100vw, 1920px\" \/><\/div>\n\t\t<\/figure>\n\t<\/div>\n<div class=\"vc_empty_space\"   style=\"height: 25px\"><span class=\"vc_empty_space_inner\"><\/span><\/div><\/div><\/div><\/div><div class=\"wpb_animate_when_almost_visible wpb_fadeInUp fadeInUp wpb_column vc_column_container vc_col-sm-12 vc_row-631f4874acf2e\"><div class=\"vc_column-inner\"><div class=\"wpb_wrapper\">\n\t<div class=\"wpb_text_column wpb_content_element\" >\n\t\t<div class=\"wpb_wrapper\">\n\t\t\t<p style=\"text-align: center;\">Nossa Equipe esta pronta para lhe atender no menor tempo possivel para deixar suar impressoras sempre em funcionamento. Nada de perder um projeto de impress\u00e3o porque a sua m\u00e1quina est\u00e1 com algum problema t\u00e9cnico!<\/p>\n\n\t\t<\/div>\n\t<\/div>\n\n\t<div class=\"wpb_text_column wpb_content_element\" >\n\t\t<div class=\"wpb_wrapper\">\n\t\t\t<p style=\"text-align: center;\">Contamos com uma equipe treinada e qualificada e disponibilizamos suporte t\u00e9cnico especializado e\/ou manuten\u00e7\u00e3o peri\u00f3dicas para todos os produtos.<\/p>\n\n\t\t<\/div>\n\t<\/div>\n<div class=\"vc_empty_space\"   style=\"height: 50px\"><span class=\"vc_empty_space_inner\"><\/span><\/div><\/div><\/div><\/div><\/div>\n<\/section>","protected":false},"excerpt":{"rendered":"Problemas com a Impressora? N\u00f3s temos a solu\u00e7\u00e3o. Profissionais capacitados Prontos para resolver seu problema. A Maioria das pessoas s\u00f3 percebe que coisa m\u00e1gica \u00e9 a impressora, quando ela p\u00e1ra de funcionar de repente! Sua impressora sofre um desgaste natural pelo uso. A manuten\u00e7\u00e3o peri\u00f3dica de seu aparelho \u00e9 uma medida econ\u00f4mica que pode salvar [...]","protected":false},"author":1,"featured_media":1468,"parent":0,"menu_order":0,"comment_status":"closed","ping_status":"closed","template":"template-landing.php","meta":{"_acf_changed":false,"_joinchat":[],"footnotes":""},"class_list":["post-590","page","type-page","status-publish","has-post-thumbnail","hentry"],"acf":[],"aioseo_notices":[],"_links":{"self":[{"href":"https:\/\/rbtechnologysolutions.com.br\/en\/wp-json\/wp\/v2\/pages\/590","targetHints":{"allow":["GET"]}}],"collection":[{"href":"https:\/\/rbtechnologysolutions.com.br\/en\/wp-json\/wp\/v2\/pages"}],"about":[{"href":"https:\/\/rbtechnologysolutions.com.br\/en\/wp-json\/wp\/v2\/types\/page"}],"author":[{"embeddable":true,"href":"https:\/\/rbtechnologysolutions.com.br\/en\/wp-json\/wp\/v2\/users\/1"}],"replies":[{"embeddable":true,"href":"https:\/\/rbtechnologysolutions.com.br\/en\/wp-json\/wp\/v2\/comments?post=590"}],"version-history":[{"count":1,"href":"https:\/\/rbtechnologysolutions.com.br\/en\/wp-json\/wp\/v2\/pages\/590\/revisions"}],"predecessor-version":[{"id":3049,"href":"https:\/\/rbtechnologysolutions.com.br\/en\/wp-json\/wp\/v2\/pages\/590\/revisions\/3049"}],"wp:featuredmedia":[{"embeddable":true,"href":"https:\/\/rbtechnologysolutions.com.br\/en\/wp-json\/wp\/v2\/media\/1468"}],"wp:attachment":[{"href":"https:\/\/rbtechnologysolutions.com.br\/en\/wp-json\/wp\/v2\/media?parent=590"}],"curies":[{"name":"wp","href":"https:\/\/api.w.org\/{rel}","templated":true}]}}