{"id":592,"date":"2019-04-22T11:59:46","date_gmt":"2019-04-22T11:59:46","guid":{"rendered":"https:\/\/promo-theme.com\/mato\/?page_id=592"},"modified":"2023-08-23T09:45:38","modified_gmt":"2023-08-23T12:45:38","slug":"contato","status":"publish","type":"page","link":"https:\/\/rbtechnologysolutions.com.br\/en\/contato\/","title":{"rendered":"Contato"},"content":{"rendered":"<section class=\"wpb-content-wrapper\"><div data-vc-full-width=\"true\" data-vc-full-width-init=\"false\" data-vc-stretch-content=\"true\" class=\"vc_row wpb_row vc_row-fluid vc_row-5cda53519cfac vc_row-no-padding\"><div class=\"wpb_column vc_column_container vc_col-sm-12 vc_row-69ea167384647\"><div class=\"vc_column-inner\"><div class=\"wpb_wrapper\">    <section class=\"banner-area banner-area-5cda52fa5e0a5 banner-default\">\n            <div class=\"banner-item tac\" style=\"height: 380px;\">\n        \n    <div class=\"bg-overlay\">\n                        <div class=\"image\" data-parallax=\"true\" data-image-src=\"https:\/\/rbtechnologysolutions.com.br\/wp-content\/uploads\/2022\/03\/003.jpg\" data-position-y=\"center\" data-speed=\"0.8\"><\/div>\n                                <div class=\"color\"><\/div>\n          <\/div>\n\n            <div class=\"container\">\n          <div class=\"row align-items-center fixed-height\" style=\"height: 380px;\">\n            <div class=\"col\">\n                              <div class=\"heading-block tac\">\n                                      <div class=\"sub-h\">Sinta-se livre Para<\/div>\n                                      <h1 class=\"h\"><span>Falar<\/span> Conosco<\/h1>\n                                  <\/div>\n                          <\/div>\n          <\/div>\n        <\/div>\n      <\/div>\n    <\/section>\n    <\/div><\/div><\/div><\/div><div class=\"vc_row-full-width vc_clearfix\"><\/div><div class=\"vc_row wpb_row vc_row-fluid vc_custom_1557812559137 vc_row-5cda544e1b3f8 vc_row-o-equal-height vc_row-flex\"><div class=\"wpb_animate_when_almost_visible wpb_fadeInUp fadeInUp wpb_column vc_column_container vc_col-sm-12 vc_row-631f467de07c6\"><div class=\"vc_column-inner\"><div class=\"wpb_wrapper\">      <div class=\"heading-block heading-5cda53fd62f6a tac h-h5\">\n                  <div class=\"sub-h\">Estamos aqui para ajudar voc\u00ea a conquistar seus clientes<\/div>\n                  <h5 class=\"h\">Consiga mais tempo para o seu projeto. N\u00e3o importa qual \u00e9 o seu neg\u00f3cio o importante \u00e9 manter o foco.<\/h5>\n              <\/div>\n    \n\t<div class=\"wpb_text_column wpb_content_element  text-t1\" >\n\t\t<div class=\"wpb_wrapper\">\n\t\t\t<p style=\"text-align: center;\"><span style=\"color: #808080;\">Acabe com os problemas de rede, mau funcionamento do sistema, lentid\u00e3o de computadores, impressora que n\u00e3o imprime, site lento entre outros. Buscamos resultados concretos e solu\u00e7\u00f5es para garantir a alta disponibilidade, oferecendo servi\u00e7os de qualidade na area de T.I, temos sempre um profissional especialista em atender \u00e0s sua demanda. <\/span><span style=\"color: #808080;\">Conte conosco.<\/span><\/p>\n\n\t\t<\/div>\n\t<\/div>\n<\/div><\/div><\/div><div class=\"wpb_animate_when_almost_visible wpb_fadeInLeft fadeInLeft wpb_column vc_column_container vc_col-sm-4 vc_row-631f46883541f\"><div class=\"vc_column-inner\"><div class=\"wpb_wrapper\">      <div class=\"heading-block heading-62fd96435b8a6 tac h-h6\">\n                  <div class=\"sub-h\">Whatsapp<\/div>\n                  <h6 class=\"h\">(19) 97131-2744<\/h6>\n              <\/div>\n    <\/div><\/div><\/div><div class=\"wpb_animate_when_almost_visible wpb_fadeInUp fadeInUp wpb_column vc_column_container vc_col-sm-4 vc_row-631f468f6cea3\"><div class=\"vc_column-inner\"><div class=\"wpb_wrapper\">      <div class=\"heading-block heading-5cda540b5ab65 tac h-h6\">\n                  <div class=\"sub-h\">Email<\/div>\n                  <h6 class=\"h\">contato@rbtechnologysolutions.com.br<\/h6>\n              <\/div>\n    <\/div><\/div><\/div><div class=\"wpb_animate_when_almost_visible wpb_fadeInRight fadeInRight wpb_column vc_column_container vc_col-sm-4 vc_row-631f46968e9a5\"><div class=\"vc_column-inner\"><div class=\"wpb_wrapper\">      <div class=\"heading-block heading-5cda553745eeb tac h-h6 vc_custom_1669855708063\">\n                  <div class=\"sub-h\">Redes Sociais<\/div>\n              <\/div>\n        <div class=\"social-links-block social-links-5cda543a03416 social-links justify-content-center\">\n      <a href=\"https:\/\/www.facebook.com\/rbtechnologysolutions\" target=\"_self\"><i class=\"fab fa-facebook-f\"><\/i><\/a><a href=\"https:\/\/www.instagram.com\/rb.technologysolutions\" target=\"_self\"><i class=\"fab fa-instagram\"><\/i><\/a><a href=\"https:\/\/g.page\/rbtechnologysolutions\" target=\"_self\"><i class=\"fab fa-google-plus-g\"><\/i><\/a><a href=\"https:\/\/www.youtube.com\/@vooadrone\" target=\"_self\"><i class=\"fab fa-youtube\"><\/i><\/a><a href=\"https:\/\/www.linkedin.com\/company\/rbtechnologysolution\/\" target=\"_self\"><i class=\"fab fa-linkedin-in\"><\/i><\/a>    <\/div>\n    <\/div><\/div><\/div><\/div><div data-vc-full-width=\"true\" data-vc-full-width-init=\"false\" data-vc-stretch-content=\"true\" class=\"vc_row wpb_row vc_row-fluid vc_row-5cda582ac5f97 vc_column-gap-35 vc_row-no-padding vc_row-o-equal-height vc_row-o-content-middle vc_row-flex\"><div class=\"wpb_animate_when_almost_visible wpb_fadeInLeft fadeInLeft wpb_column vc_column_container vc_col-sm-6 vc_row-5cda6944fa891 vc_col-has-fill\"><div class=\"vc_column-inner vc_custom_1662994092437\"><div class=\"wpb_wrapper\"><div class=\"vc_empty_space\"   style=\"height: 50px\"><span class=\"vc_empty_space_inner\"><\/span><\/div><div class=\"wpb_gmaps_widget wpb_content_element\"><div class=\"wpb_wrapper\"><div class=\"wpb_map_wraper\"><iframe src=\"https:\/\/www.google.com\/maps\/embed?pb=!1m14!1m8!1m3!1d14698.846990849826!2d-47.061077!3d-22.9240005!3m2!1i1024!2i768!4f13.1!3m3!1m2!1s0x0%3A0x4470dcfd3479420c!2sRB%20-%20Technology%20Solutions!5e0!3m2!1spt-BR!2sbr!4v1660775331759!5m2!1spt-BR!2sbr\" width=\"600\" height=\"450\" style=\"border:0;\" allowfullscreen=\"\" loading=\"lazy\" referrerpolicy=\"no-referrer-when-downgrade\"><\/iframe><\/div><\/div><\/div><div class=\"vc_empty_space\"   style=\"height: 50px\"><span class=\"vc_empty_space_inner\"><\/span><\/div><\/div><\/div><\/div><div class=\"wpb_animate_when_almost_visible wpb_fadeInRight fadeInRight wpb_column vc_column_container vc_col-sm-6 vc_row-5cda6956f238a light-scheme vc_col-has-fill\"><div class=\"vc_column-inner vc_custom_1662994100060\"><div class=\"wpb_wrapper\"><div class=\"vc_empty_space\"   style=\"height: 50px\"><span class=\"vc_empty_space_inner\"><\/span><\/div>      <div class=\"heading-block heading-5cda61eb6871f tal h-h3 vc_custom_1646858522916\">\n                  <div class=\"sub-h\">Vamos falar sobre o seu projeto?<\/div>\n                  <h3 class=\"h\">Como podemos ajudar?<\/h3>\n              <\/div>\n    \n\t<div class=\"wpb_text_column wpb_content_element  text-t1\" >\n\t\t<div class=\"wpb_wrapper\">\n\t\t\t<div style=\"max-width: 475px; color: #787878; text-align: left;\">Aumente sua capacidade tecnol\u00f3gica e ganhe em produtividade, reduza custos produzindo e rendendo mais. Atendemos desde pequena media e grande empresa oferecendo servi\u00e7os e solu\u00e7\u00f5es em tecnologia da informa\u00e7\u00e3o e web.<\/div>\n<p><span style=\"vertical-align: inherit;\"><span style=\"vertical-align: inherit;\"><\/p>\n\n\t\t<\/div>\n\t<\/div>\n\n<div class=\"wpcf7 no-js\" id=\"wpcf7-f5-o1\" lang=\"en-US\" dir=\"ltr\" data-wpcf7-id=\"5\">\n<div class=\"screen-reader-response\"><p role=\"status\" aria-live=\"polite\" aria-atomic=\"true\"><\/p> <ul><\/ul><\/div>\n<form action=\"\/en\/wp-json\/wp\/v2\/pages\/592#wpcf7-f5-o1\" method=\"post\" class=\"wpcf7-form init\" aria-label=\"Contact form\" novalidate=\"novalidate\" data-status=\"init\" data-trp-original-action=\"\/en\/wp-json\/wp\/v2\/pages\/592#wpcf7-f5-o1\">\n<fieldset class=\"hidden-fields-container\"><input type=\"hidden\" name=\"_wpcf7\" value=\"5\" \/><input type=\"hidden\" name=\"_wpcf7_version\" value=\"6.1.5\" \/><input type=\"hidden\" name=\"_wpcf7_locale\" value=\"en_US\" \/><input type=\"hidden\" name=\"_wpcf7_unit_tag\" value=\"wpcf7-f5-o1\" \/><input type=\"hidden\" name=\"_wpcf7_container_post\" value=\"0\" \/><input type=\"hidden\" name=\"_wpcf7_posted_data_hash\" value=\"\" \/><input type=\"hidden\" name=\"_wpcf7_recaptcha_response\" value=\"\" \/>\n<\/fieldset>\n<div class=\"contact-form\"><div class=\"input-row\"><label>Seu Nome<span>*<\/span><\/label><span class=\"wpcf7-form-control-wrap\" data-name=\"f-name\"><input size=\"40\" maxlength=\"400\" class=\"wpcf7-form-control wpcf7-text style1\" aria-invalid=\"false\" value=\"\" type=\"text\" name=\"f-name\" \/><\/span><\/div><div class=\"input-row\"><label>Seu Telefone<span>*<\/span><\/label><span class=\"wpcf7-form-control-wrap\" data-name=\"tel-647\"><input size=\"40\" maxlength=\"400\" class=\"wpcf7-form-control wpcf7-tel wpcf7-validates-as-required wpcf7-text wpcf7-validates-as-tel style1\" aria-required=\"true\" aria-invalid=\"false\" value=\"\" type=\"tel\" name=\"tel-647\" \/><\/span><\/div><div class=\"input-row\"><label>Seu Email <span>*<\/span><\/label><span class=\"wpcf7-form-control-wrap\" data-name=\"f-email\"><input size=\"40\" maxlength=\"400\" class=\"wpcf7-form-control wpcf7-text style1\" aria-invalid=\"false\" value=\"\" type=\"text\" name=\"f-email\" \/><\/span><\/div><div class=\"input-row\"><label>Sua Mensagem <span>*<\/span><\/label><span class=\"wpcf7-form-control-wrap\" data-name=\"f-message\"><textarea cols=\"40\" rows=\"6\" maxlength=\"2000\" class=\"wpcf7-form-control wpcf7-textarea style1\" aria-invalid=\"false\" name=\"f-message\"><\/textarea><\/span><\/div><div class=\"input-row\"><label> S\u00f3 mais um passo, responda a Captcha abaixo. <span>*<\/span><\/label><span class=\"wpcf7-form-control-wrap recaptcha\" data-name=\"recaptcha\"><span data-sitekey=\"6LfnhaAhAAAAAF9jBup9rvxVgeMJlCwg5ld1N2d3\" class=\"wpcf7-form-control wpcf7-recaptcha g-recaptcha style1\"><\/span>\r\n<noscript>\r\n\t<div class=\"grecaptcha-noscript\">\r\n\t\t<iframe loading=\"lazy\" src=\"https:\/\/www.google.com\/recaptcha\/api\/fallback?k=6LfnhaAhAAAAAF9jBup9rvxVgeMJlCwg5ld1N2d3\" frameborder=\"0\" scrolling=\"no\" width=\"310\" height=\"430\">\r\n\t\t<\/iframe>\r\n\t\t<textarea name=\"g-recaptcha-response\" rows=\"3\" cols=\"40\" placeholder=\"reCaptcha Response Here\">\r\n\t\t<\/textarea>\r\n\t<\/div>\r\n<\/noscript>\r\n<\/span>\n<\/div>\n<button class=\"button-style2\" type=\"submit\"><span>Enviar<\/span><\/button><\/div><div class=\"wpcf7-response-output\" aria-hidden=\"true\"><\/div>\n<input type=\"hidden\" name=\"trp-form-language\" value=\"en\"\/><\/form>\n<\/div>\n<div class=\"vc_empty_space\"   style=\"height: 50px\"><span class=\"vc_empty_space_inner\"><\/span><\/div><\/div><\/div><\/div><\/div><div class=\"vc_row-full-width vc_clearfix\"><\/div><div class=\"vc_row wpb_row vc_row-fluid vc_row-69ea1673857c2\"><div class=\"wpb_column vc_column_container vc_col-sm-12 vc_row-69ea167385877\"><div class=\"vc_column-inner\"><div class=\"wpb_wrapper\">\n\t<div class=\"wpb_text_column wpb_content_element\" >\n\t\t<div class=\"wpb_wrapper\">\n\t\t\t<p><\/span><\/span><\/p>\n\n\t\t<\/div>\n\t<\/div>\n<\/div><\/div><\/div><\/div>\n<\/section>","protected":false},"excerpt":{"rendered":"Sinta-se livre Para Falar Conosco Estamos aqui para ajudar voc\u00ea a conquistar seus clientes Consiga mais tempo para o seu projeto. N\u00e3o importa qual \u00e9 o seu neg\u00f3cio o importante \u00e9 manter o foco. Acabe com os problemas de rede, mau funcionamento do sistema, lentid\u00e3o de computadores, impressora que n\u00e3o imprime, site lento entre outros. [...]","protected":false},"author":1,"featured_media":1972,"parent":0,"menu_order":0,"comment_status":"closed","ping_status":"closed","template":"template-landing.php","meta":{"_acf_changed":false,"_joinchat":[],"footnotes":""},"class_list":["post-592","page","type-page","status-publish","has-post-thumbnail","hentry"],"acf":[],"aioseo_notices":[],"_links":{"self":[{"href":"https:\/\/rbtechnologysolutions.com.br\/en\/wp-json\/wp\/v2\/pages\/592","targetHints":{"allow":["GET"]}}],"collection":[{"href":"https:\/\/rbtechnologysolutions.com.br\/en\/wp-json\/wp\/v2\/pages"}],"about":[{"href":"https:\/\/rbtechnologysolutions.com.br\/en\/wp-json\/wp\/v2\/types\/page"}],"author":[{"embeddable":true,"href":"https:\/\/rbtechnologysolutions.com.br\/en\/wp-json\/wp\/v2\/users\/1"}],"replies":[{"embeddable":true,"href":"https:\/\/rbtechnologysolutions.com.br\/en\/wp-json\/wp\/v2\/comments?post=592"}],"version-history":[{"count":3,"href":"https:\/\/rbtechnologysolutions.com.br\/en\/wp-json\/wp\/v2\/pages\/592\/revisions"}],"predecessor-version":[{"id":3038,"href":"https:\/\/rbtechnologysolutions.com.br\/en\/wp-json\/wp\/v2\/pages\/592\/revisions\/3038"}],"wp:featuredmedia":[{"embeddable":true,"href":"https:\/\/rbtechnologysolutions.com.br\/en\/wp-json\/wp\/v2\/media\/1972"}],"wp:attachment":[{"href":"https:\/\/rbtechnologysolutions.com.br\/en\/wp-json\/wp\/v2\/media?parent=592"}],"curies":[{"name":"wp","href":"https:\/\/api.w.org\/{rel}","templated":true}]}}