{"id":594,"date":"2019-04-22T12:00:03","date_gmt":"2019-04-22T12:00:03","guid":{"rendered":"https:\/\/promo-theme.com\/mato\/?page_id=594"},"modified":"2023-08-23T15:36:29","modified_gmt":"2023-08-23T18:36:29","slug":"servicos","status":"publish","type":"page","link":"https:\/\/rbtechnologysolutions.com.br\/en\/servicos\/","title":{"rendered":"Servi\u00e7os"},"content":{"rendered":"<section class=\"wpb-content-wrapper\"><div data-vc-full-width=\"true\" data-vc-full-width-init=\"false\" data-vc-stretch-content=\"true\" class=\"vc_row wpb_row vc_row-fluid vc_row-5cda53519cfac vc_row-no-padding\"><div class=\"wpb_column vc_column_container vc_col-sm-12 vc_row-69ea17ca0e71c\"><div class=\"vc_column-inner\"><div class=\"wpb_wrapper\">    <section class=\"banner-area banner-area-5cda52fa5e0a5 banner-default\">\n            <div class=\"banner-item tac\" style=\"height: 380px;\">\n        \n    <div class=\"bg-overlay\">\n                        <div class=\"image\" data-parallax=\"true\" data-image-src=\"https:\/\/rbtechnologysolutions.com.br\/wp-content\/uploads\/2022\/08\/office-381228_1920.jpg\" data-position-y=\"center\" data-speed=\"0.8\"><\/div>\n                                <div class=\"color\"><\/div>\n          <\/div>\n\n            <div class=\"container\">\n          <div class=\"row align-items-center fixed-height\" style=\"height: 380px;\">\n            <div class=\"col\">\n                              <div class=\"heading-block tac\">\n                                      <div class=\"sub-h\">Nossos Servi\u00e7os<\/div>\n                                      <h1 class=\"h\"><span>O que<\/span> Fazemos<\/h1>\n                                  <\/div>\n                          <\/div>\n          <\/div>\n        <\/div>\n      <\/div>\n    <\/section>\n    <\/div><\/div><\/div><\/div><div class=\"vc_row-full-width vc_clearfix\"><\/div><div class=\"vc_row wpb_row vc_row-fluid vc_custom_1558423393377 vc_row-5cda4ee30db7a vc_column-gap-30 vc_row-o-equal-height vc_row-flex\"><div class=\"wpb_animate_when_almost_visible wpb_flipInX flipInX wpb_column vc_column_container vc_col-sm-12 vc_row-631f45ceb6385\"><div class=\"vc_column-inner\"><div class=\"wpb_wrapper\"><div class=\"vc_empty_space\"   style=\"height: 50px\"><span class=\"vc_empty_space_inner\"><\/span><\/div>      <div class=\"heading-block heading-63a396fc78f2f tac h-h5 with-bottom-line vc_custom_1671666703378\">\n                  <div class=\"sub-h\">Conhe\u00e7a cada um dos nossos servi\u00e7os<\/div>\n                  <h5 class=\"h\">E Veja como podemos ajudar o seu neg\u00f3cio.<\/h5>\n              <\/div>\n    <\/div><\/div><\/div><div class=\"side-img wpb_animate_when_almost_visible wpb_fadeInLeft fadeInLeft wpb_column vc_column_container vc_col-sm-6 vc_row-5cda4dda9899d vc_col-has-fill\"><div class=\"vc_column-inner vc_custom_1662993886299\"><div class=\"wpb_wrapper\"><\/div><\/div><\/div><div class=\"wpb_animate_when_almost_visible wpb_fadeInRight fadeInRight wpb_column vc_column_container vc_col-sm-6 vc_row-631f45e3fd19f\"><div class=\"vc_column-inner\"><div class=\"wpb_wrapper\"><div class=\"vc_empty_space\"   style=\"height: 50px\"><span class=\"vc_empty_space_inner\"><\/span><\/div>    <div class=\"accordion-block accordion-block-5cda4e3f76971 vc_custom_1557811280120\">\n          <div class=\"accordion-item accordion-item-5cda4e44f37a2 current\">\n      <div class=\"top\">Manuten\u00e7\u00e3o de Computadores        <div class=\"button\"><\/div>\n      <\/div>\n      <div class=\"wrap\" style=\"display: block;\">Substitui\u00e7\u00e3o de pe\u00e7as, upgrade, avalia\u00e7\u00e3o t\u00e9cnica no local, se houver a necessidade de retirar o equipamento, buscamos e entregamos, assim podendo fazer um or\u00e7amento sem compromisso e te ajudarmos a resolver os problemas que est\u00e3o te atrasando no trabalho, estudo ou lazer, pois sabemos que um computador lento e desatualizado, reduz a produtividade e tamb\u00e9m fica vulner\u00e1vel a v\u00edrus.<\/div>\n    <\/div>\n        <div class=\"accordion-item accordion-item-5cda4e5d1c482\">\n      <div class=\"top\">Infraestrutura de Rede        <div class=\"button\"><\/div>\n      <\/div>\n      <div class=\"wrap\">Uma infraestrutura de rede feita de forma correta \u00e9 importante para que a conex\u00e3o dos equipamentos e servidores que est\u00e3o conectados \u00e0 rede online e el\u00e9trica. Isso porque a infraestrutura de rede garante que o uso e os equipamentos interligados n\u00e3o sofram sobrecarga nem cause danos \u00e0 rede el\u00e9trica.<\/div>\n    <\/div>\n        <div class=\"accordion-item accordion-item-5cda4e66d8584\">\n      <div class=\"top\">Suporte Remoto        <div class=\"button\"><\/div>\n      <\/div>\n      <div class=\"wrap\">O Atendimento da empresa, em sua maioria, \u00e9 atrav\u00e9s do suporte remoto. Isto \u00e9, quando um de nossos clientes entram em contato solicitando algum tipo de aux\u00edlio em rela\u00e7\u00e3o aos seus computadores, um de nossos profissionais tem, rapidamente, acesso ao sistema do cliente por suporte remoto, oferecendo um servi\u00e7o \u00e1gil e de qualidade. <\/div>\n    <\/div>\n        <div class=\"accordion-item accordion-item-5cda4e6ad880e\">\n      <div class=\"top\">Manuten\u00e7\u00e3o de Impressoras        <div class=\"button\"><\/div>\n      <\/div>\n      <div class=\"wrap\">As manuten\u00e7\u00f5es, em modo geral, consistem em identificar a fonte da falha e encontrar o m\u00e9todo mais r\u00e1pido e eficaz de executar o reparo. Nesses casos, os problemas geralmente se d\u00e3o por mal funcionamento mec\u00e2nico ou operacional, pela necessidade de substitui\u00e7\u00e3o de pe\u00e7as ou apenas pela necessidade de uma limpeza interna preventiva com calibragem. Entre em contato e agende uma consultoria conosco.<\/div>\n    <\/div>\n        <div class=\"accordion-item accordion-item-62fd9d42a6f07\">\n      <div class=\"top\">Manuten\u00e7\u00e3o Preventiva        <div class=\"button\"><\/div>\n      <\/div>\n      <div class=\"wrap\">A manuten\u00e7\u00e3o dos computadores de sua empresa ou resid\u00eancia \u00e9 essencial para que eles continuem funcionando por um bom tempo, limpeza interna, remo\u00e7\u00e3o de poeira e aplica\u00e7\u00e3o de pasta t\u00e9rmica a cada 6 meses podem ajudar em um melhor desempenho.<\/div>\n    <\/div>\n        <div class=\"accordion-item accordion-item-62fd9d0394bbf\">\n      <div class=\"top\">Consultoria em TI        <div class=\"button\"><\/div>\n      <\/div>\n      <div class=\"wrap\">Investimentos na \u00e1rea tecnol\u00f3gica podem trazer avan\u00e7os aos processos executados e melhor performance sobre os servi\u00e7os prestados pela sua empresa. N\u00e3o deixe seu neg\u00f3cio parar por falta de Suporte T\u00e9cnico, Nosso servi\u00e7o de TI \u00e9 perfeito para empresas que precisam de qualidade.<\/div>\n    <\/div>\n        <div class=\"accordion-item accordion-item-62fd9e78e9124\">\n      <div class=\"top\">Remo\u00e7\u00e3o de v\u00edrus e malware        <div class=\"button\"><\/div>\n      <\/div>\n      <div class=\"wrap\">V\u00edrus e malwares s\u00e3o programas de software maliciosos projetados para causar danos ou romper o funcionamento normal do computador. Os v\u00edrus se propagam atrav\u00e9s da internet e do e-mail. Voc\u00ea pode at\u00e9 mesmo baixar e instalar um programa por vontade pr\u00f3pria e n\u00e3o saber que ele cont\u00e9m malware.<\/div>\n    <\/div>\n        <div class=\"accordion-item accordion-item-5cda4e6fb143d\">\n      <div class=\"top\">Cria\u00e7\u00e3o de Sites        <div class=\"button\"><\/div>\n      <\/div>\n      <div class=\"wrap\">Nosso trabalho tem ajudado as empresas a terem mais acessos, aumentar as vendas, obter mais resultados e converter mais usu\u00e1rios em clientes. ``Hoje, no mundo offline, vendedores busca compradores, ao passo que no mundo online \u00e9 ao contr\u00e1rio: consumidores buscam vendedores.``<\/div>\n    <\/div>\n        <div class=\"accordion-item accordion-item-62fd9e473d235\">\n      <div class=\"top\">Atualiza\u00e7\u00e3o de Sites        <div class=\"button\"><\/div>\n      <\/div>\n      <div class=\"wrap\">Melhorar ou re-projetar um site j\u00e1 existente Voc\u00ea tem um site desatualizado ou que n\u00e3o est\u00e1 executando como ele costumava fazer - ou seus objetivos globais mudaram? Nossa empresa \u00e9 contratada para o trabalho de redesign para ajudar os clientes a obter uma nova vers\u00e3o de seu site.<\/div>\n    <\/div>\n        <div class=\"accordion-item accordion-item-\">\n      <div class=\"top\">Promo\u00e7\u00e3o de marca        <div class=\"button\"><\/div>\n      <\/div>\n      <div class=\"wrap\">Melhorar ou re-projetar um site j\u00e1 existente Voc\u00ea tem um site desatualizado ou que n\u00e3o est\u00e1 executando como ele costumava fazer - ou seus objetivos globais mudaram? Nossa empresa \u00e9 contratada para o trabalho de redesign para ajudar os clientes a obter uma nova vers\u00e3o de seu site.<\/div>\n    <\/div>\n        <div class=\"accordion-item accordion-item-\">\n      <div class=\"top\">Servi\u00e7os em SEO        <div class=\"button\"><\/div>\n      <\/div>\n      <div class=\"wrap\">Ideal para pequenas e m\u00e9dias empresas que precisam mostrar a qualidade dos seus servi\u00e7os com um valor de investimento baixo e solu\u00e7\u00e3o completa. Impulsionar as suas vendas e convers\u00f5es, sem gastar com an\u00fancios online, \u00e9 poss\u00edvel! Esses objetivos, e muitos outros, podem ser alcan\u00e7ados por meio de t\u00e9cnicas de SEO (Search Engine Optimization).<\/div>\n    <\/div>\n        <div class=\"accordion-item accordion-item-62fd9f9805480\">\n      <div class=\"top\">Imagens com Drone        <div class=\"button\"><\/div>\n      <\/div>\n      <div class=\"wrap\">Captamos imagens para publicidade, transmitimos ao vivo para TV e Internet, fotografamos eventos, constru\u00e7\u00e3o civil, inspe\u00e7\u00e3o t\u00e9cnica, agricultura e muito mais. Al\u00e9m de ser muito mais barato que o custo de um aluguel de helic\u00f3ptero, valoriza ainda mais o seu neg\u00f3cio. Temos Projetos focados em encontrar as melhores solu\u00e7\u00f5es para as necessidades de sua empresa, utilizando imagens a\u00e9reas impactantes e de alta qualidade. para mais informa\u00e7\u00f5es acesse: www.voadrone.com.br<\/div>\n    <\/div>\n        <\/div>\n    <div class=\"vc_empty_space\"   style=\"height: 50px\"><span class=\"vc_empty_space_inner\"><\/span><\/div><\/div><\/div><\/div><div class=\"wpb_column vc_column_container vc_col-sm-12 vc_row-69ea17ca0efd1\"><div class=\"vc_column-inner\"><div class=\"wpb_wrapper\"><div class=\"vc_empty_space\"   style=\"height: 50px\"><span class=\"vc_empty_space_inner\"><\/span><\/div><\/div><\/div><\/div><\/div>\n<\/section>","protected":false},"excerpt":{"rendered":"Nossos Servi\u00e7os O que Fazemos Conhe\u00e7a cada um dos nossos servi\u00e7os E Veja como podemos ajudar o seu neg\u00f3cio. Manuten\u00e7\u00e3o de Computadores Substitui\u00e7\u00e3o de pe\u00e7as, upgrade, avalia\u00e7\u00e3o t\u00e9cnica no local, se houver a necessidade de retirar o equipamento, buscamos e entregamos, assim podendo fazer um or\u00e7amento sem compromisso e te ajudarmos a resolver os problemas [...]","protected":false},"author":1,"featured_media":1462,"parent":0,"menu_order":0,"comment_status":"closed","ping_status":"closed","template":"template-landing.php","meta":{"_acf_changed":false,"_joinchat":[],"footnotes":""},"class_list":["post-594","page","type-page","status-publish","has-post-thumbnail","hentry"],"acf":[],"aioseo_notices":[],"_links":{"self":[{"href":"https:\/\/rbtechnologysolutions.com.br\/en\/wp-json\/wp\/v2\/pages\/594","targetHints":{"allow":["GET"]}}],"collection":[{"href":"https:\/\/rbtechnologysolutions.com.br\/en\/wp-json\/wp\/v2\/pages"}],"about":[{"href":"https:\/\/rbtechnologysolutions.com.br\/en\/wp-json\/wp\/v2\/types\/page"}],"author":[{"embeddable":true,"href":"https:\/\/rbtechnologysolutions.com.br\/en\/wp-json\/wp\/v2\/users\/1"}],"replies":[{"embeddable":true,"href":"https:\/\/rbtechnologysolutions.com.br\/en\/wp-json\/wp\/v2\/comments?post=594"}],"version-history":[{"count":4,"href":"https:\/\/rbtechnologysolutions.com.br\/en\/wp-json\/wp\/v2\/pages\/594\/revisions"}],"predecessor-version":[{"id":3045,"href":"https:\/\/rbtechnologysolutions.com.br\/en\/wp-json\/wp\/v2\/pages\/594\/revisions\/3045"}],"wp:featuredmedia":[{"embeddable":true,"href":"https:\/\/rbtechnologysolutions.com.br\/en\/wp-json\/wp\/v2\/media\/1462"}],"wp:attachment":[{"href":"https:\/\/rbtechnologysolutions.com.br\/en\/wp-json\/wp\/v2\/media?parent=594"}],"curies":[{"name":"wp","href":"https:\/\/api.w.org\/{rel}","templated":true}]}}